{"id":9228,"date":"2017-03-08T11:40:32","date_gmt":"2017-03-08T10:40:32","guid":{"rendered":"http:\/\/www.bibnet.lu\/blog\/?page_id=9228"},"modified":"2019-11-08T13:55:06","modified_gmt":"2019-11-08T12:55:06","slug":"2eme-journee-du-reseau-bibnet-lu","status":"publish","type":"page","link":"https:\/\/www.bibnet.lu\/blog\/?page_id=9228","title":{"rendered":"2\u00e8me Journ\u00e9e du r\u00e9seau bibnet.lu"},"content":{"rendered":"","protected":true},"excerpt":{"rendered":"","protected":true},"author":11,"featured_media":0,"parent":0,"menu_order":0,"comment_status":"closed","ping_status":"closed","template":"","meta":{"footnotes":""},"class_list":["post-9228","page","type-page","status-publish","post-password-required","hentry"],"_links":{"self":[{"href":"https:\/\/www.bibnet.lu\/blog\/index.php?rest_route=\/wp\/v2\/pages\/9228","targetHints":{"allow":["GET"]}}],"collection":[{"href":"https:\/\/www.bibnet.lu\/blog\/index.php?rest_route=\/wp\/v2\/pages"}],"about":[{"href":"https:\/\/www.bibnet.lu\/blog\/index.php?rest_route=\/wp\/v2\/types\/page"}],"author":[{"embeddable":true,"href":"https:\/\/www.bibnet.lu\/blog\/index.php?rest_route=\/wp\/v2\/users\/11"}],"replies":[{"embeddable":true,"href":"https:\/\/www.bibnet.lu\/blog\/index.php?rest_route=%2Fwp%2Fv2%2Fcomments&post=9228"}],"version-history":[{"count":34,"href":"https:\/\/www.bibnet.lu\/blog\/index.php?rest_route=\/wp\/v2\/pages\/9228\/revisions"}],"predecessor-version":[{"id":14402,"href":"https:\/\/www.bibnet.lu\/blog\/index.php?rest_route=\/wp\/v2\/pages\/9228\/revisions\/14402"}],"wp:attachment":[{"href":"https:\/\/www.bibnet.lu\/blog\/index.php?rest_route=%2Fwp%2Fv2%2Fmedia&parent=9228"}],"curies":[{"name":"wp","href":"https:\/\/api.w.org\/{rel}","templated":true}]}}