{"id":8711,"date":"2016-11-22T10:26:55","date_gmt":"2016-11-22T09:26:55","guid":{"rendered":"http:\/\/www.bibnet.lu\/blog\/?page_id=8711"},"modified":"2024-07-04T11:09:19","modified_gmt":"2024-07-04T10:09:19","slug":"questionnaire-pour-nouveaux-membres-du-reseau","status":"publish","type":"page","link":"https:\/\/www.bibnet.lu\/blog\/?page_id=8711","title":{"rendered":"Questionnaire pour nouveaux membres du r\u00e9seau"},"content":{"rendered":"<p>Nous vous prions de remplir le questionnaire (cliquer sur l&#8217;ic\u00f4ne ci-dessous et t\u00e9l\u00e9charger le document) et de nous l&#8217;envoyer \u00e0 <a href=\"mailto:bibnet@bnl.etat.lu\">bibnet@bnl.etat.lu<\/a><\/p>\n<p><a href=\"https:\/\/www.bibnet.lu\/blog\/wp-content\/uploads\/2016\/11\/01-ADH-02-Questionnaire_20161122.docx\"><img loading=\"lazy\" decoding=\"async\" class=\"alignleft wp-image-8718 size-thumbnail\" src=\"https:\/\/www.bibnet.lu\/blog\/wp-content\/uploads\/2016\/11\/microsoft-word-logo-E47FE486EE-seeklogo.com_-150x150.jpg\" alt=\"microsoft-word-logo-E47FE486EE-seeklogo.com\" width=\"150\" height=\"150\" srcset=\"https:\/\/www.bibnet.lu\/blog\/wp-content\/uploads\/2016\/11\/microsoft-word-logo-E47FE486EE-seeklogo.com_-150x150.jpg 150w, https:\/\/www.bibnet.lu\/blog\/wp-content\/uploads\/2016\/11\/microsoft-word-logo-E47FE486EE-seeklogo.com_-50x50.jpg 50w, https:\/\/www.bibnet.lu\/blog\/wp-content\/uploads\/2016\/11\/microsoft-word-logo-E47FE486EE-seeklogo.com_.jpg 195w\" sizes=\"auto, (max-width: 150px) 100vw, 150px\" \/><\/a><\/p>\n","protected":false},"excerpt":{"rendered":"<p>Nous vous prions de remplir le questionnaire (cliquer sur l&#8217;ic\u00f4ne ci-dessous et t\u00e9l\u00e9charger le document) et de nous l&#8217;envoyer \u00e0 bibnet@bnl.etat.lu<\/p>\n","protected":false},"author":11,"featured_media":0,"parent":0,"menu_order":0,"comment_status":"closed","ping_status":"closed","template":"","meta":{"footnotes":""},"class_list":["post-8711","page","type-page","status-publish","hentry"],"_links":{"self":[{"href":"https:\/\/www.bibnet.lu\/blog\/index.php?rest_route=\/wp\/v2\/pages\/8711","targetHints":{"allow":["GET"]}}],"collection":[{"href":"https:\/\/www.bibnet.lu\/blog\/index.php?rest_route=\/wp\/v2\/pages"}],"about":[{"href":"https:\/\/www.bibnet.lu\/blog\/index.php?rest_route=\/wp\/v2\/types\/page"}],"author":[{"embeddable":true,"href":"https:\/\/www.bibnet.lu\/blog\/index.php?rest_route=\/wp\/v2\/users\/11"}],"replies":[{"embeddable":true,"href":"https:\/\/www.bibnet.lu\/blog\/index.php?rest_route=%2Fwp%2Fv2%2Fcomments&post=8711"}],"version-history":[{"count":17,"href":"https:\/\/www.bibnet.lu\/blog\/index.php?rest_route=\/wp\/v2\/pages\/8711\/revisions"}],"predecessor-version":[{"id":19393,"href":"https:\/\/www.bibnet.lu\/blog\/index.php?rest_route=\/wp\/v2\/pages\/8711\/revisions\/19393"}],"wp:attachment":[{"href":"https:\/\/www.bibnet.lu\/blog\/index.php?rest_route=%2Fwp%2Fv2%2Fmedia&parent=8711"}],"curies":[{"name":"wp","href":"https:\/\/api.w.org\/{rel}","templated":true}]}}