{"id":8294,"date":"2016-09-26T07:41:05","date_gmt":"2016-09-26T06:41:05","guid":{"rendered":"http:\/\/www.bibnet.lu\/blog\/?page_id=8294"},"modified":"2016-12-07T15:01:26","modified_gmt":"2016-12-07T14:01:26","slug":"devenir-membre-du-reseau-bibnet-lu","status":"publish","type":"page","link":"https:\/\/www.bibnet.lu\/blog\/?page_id=8294","title":{"rendered":"Devenir membre du r\u00e9seau bibnet.lu"},"content":{"rendered":"<p>Si vous souhaitez adh\u00e9rer au r\u00e9seau bibnet.lu, nous vous prions de nous contacter par <a href=\"mailto:bibnet@bnl.etat.lu\">courriel<\/a> en nous envoyant une br\u00e8ve description de votre biblioth\u00e8que\/centre de documentation.<\/p>\n<p>L\u2019\u00e9quipe de la section du r\u00e9seau bibnet.lu est \u00e0 votre disposition pour toute information compl\u00e9mentaire.<\/p>\n","protected":false},"excerpt":{"rendered":"<p>Si vous souhaitez adh\u00e9rer au r\u00e9seau bibnet.lu, nous vous prions de nous contacter par courriel en nous envoyant une br\u00e8ve description de votre biblioth\u00e8que\/centre de documentation. L\u2019\u00e9quipe de la section du r\u00e9seau bibnet.lu est \u00e0 votre disposition pour toute information compl\u00e9mentaire.<\/p>\n","protected":false},"author":11,"featured_media":0,"parent":0,"menu_order":0,"comment_status":"closed","ping_status":"closed","template":"","meta":{"footnotes":""},"class_list":["post-8294","page","type-page","status-publish","hentry"],"_links":{"self":[{"href":"https:\/\/www.bibnet.lu\/blog\/index.php?rest_route=\/wp\/v2\/pages\/8294","targetHints":{"allow":["GET"]}}],"collection":[{"href":"https:\/\/www.bibnet.lu\/blog\/index.php?rest_route=\/wp\/v2\/pages"}],"about":[{"href":"https:\/\/www.bibnet.lu\/blog\/index.php?rest_route=\/wp\/v2\/types\/page"}],"author":[{"embeddable":true,"href":"https:\/\/www.bibnet.lu\/blog\/index.php?rest_route=\/wp\/v2\/users\/11"}],"replies":[{"embeddable":true,"href":"https:\/\/www.bibnet.lu\/blog\/index.php?rest_route=%2Fwp%2Fv2%2Fcomments&post=8294"}],"version-history":[{"count":6,"href":"https:\/\/www.bibnet.lu\/blog\/index.php?rest_route=\/wp\/v2\/pages\/8294\/revisions"}],"predecessor-version":[{"id":8921,"href":"https:\/\/www.bibnet.lu\/blog\/index.php?rest_route=\/wp\/v2\/pages\/8294\/revisions\/8921"}],"wp:attachment":[{"href":"https:\/\/www.bibnet.lu\/blog\/index.php?rest_route=%2Fwp%2Fv2%2Fmedia&parent=8294"}],"curies":[{"name":"wp","href":"https:\/\/api.w.org\/{rel}","templated":true}]}}