{"id":734,"date":"2011-01-18T09:54:33","date_gmt":"2011-01-18T08:54:33","guid":{"rendered":"http:\/\/www.bibnet.lu\/blog\/?page_id=734"},"modified":"2016-11-28T11:00:29","modified_gmt":"2016-11-28T10:00:29","slug":"reunion-de-parametrage-du-client-de-votre-bibliotheque","status":"publish","type":"page","link":"https:\/\/www.bibnet.lu\/blog\/?page_id=734","title":{"rendered":"R\u00e9unions de param\u00e9trage avec le bibloth\u00e9caire syst\u00e8me"},"content":{"rendered":"","protected":true},"excerpt":{"rendered":"","protected":true},"author":3,"featured_media":0,"parent":5366,"menu_order":129,"comment_status":"closed","ping_status":"closed","template":"","meta":{"footnotes":""},"class_list":["post-734","page","type-page","status-publish","post-password-required","hentry"],"_links":{"self":[{"href":"https:\/\/www.bibnet.lu\/blog\/index.php?rest_route=\/wp\/v2\/pages\/734","targetHints":{"allow":["GET"]}}],"collection":[{"href":"https:\/\/www.bibnet.lu\/blog\/index.php?rest_route=\/wp\/v2\/pages"}],"about":[{"href":"https:\/\/www.bibnet.lu\/blog\/index.php?rest_route=\/wp\/v2\/types\/page"}],"author":[{"embeddable":true,"href":"https:\/\/www.bibnet.lu\/blog\/index.php?rest_route=\/wp\/v2\/users\/3"}],"replies":[{"embeddable":true,"href":"https:\/\/www.bibnet.lu\/blog\/index.php?rest_route=%2Fwp%2Fv2%2Fcomments&post=734"}],"version-history":[{"count":38,"href":"https:\/\/www.bibnet.lu\/blog\/index.php?rest_route=\/wp\/v2\/pages\/734\/revisions"}],"predecessor-version":[{"id":8795,"href":"https:\/\/www.bibnet.lu\/blog\/index.php?rest_route=\/wp\/v2\/pages\/734\/revisions\/8795"}],"up":[{"embeddable":true,"href":"https:\/\/www.bibnet.lu\/blog\/index.php?rest_route=\/wp\/v2\/pages\/5366"}],"wp:attachment":[{"href":"https:\/\/www.bibnet.lu\/blog\/index.php?rest_route=%2Fwp%2Fv2%2Fmedia&parent=734"}],"curies":[{"name":"wp","href":"https:\/\/api.w.org\/{rel}","templated":true}]}}