{"id":5479,"date":"2016-06-02T15:03:27","date_gmt":"2016-06-02T14:03:27","guid":{"rendered":"http:\/\/www.bibnet.lu\/blog\/?page_id=5479"},"modified":"2025-10-14T12:45:59","modified_gmt":"2025-10-14T11:45:59","slug":"contact","status":"publish","type":"page","link":"https:\/\/www.bibnet.lu\/blog\/?page_id=5479","title":{"rendered":"Contact"},"content":{"rendered":"\n<p>La division du r\u00e9seau des biblioth\u00e8ques luxembourgeoises bibnet.lu assure entre autres les fonctions et t\u00e2ches suivantes pour les biblioth\u00e8ques membres du r\u00e9seau bibnet.lu :<\/p>\n\n\n\n<p><\/p>\n\n\n\n<ul class=\"wp-block-list\">\n<li>encadrement des biblioth\u00e8ques membres du r\u00e9seau, surtout pendant leur phase d\u2019adh\u00e9sion<\/li>\n\n\n\n<li>organisation de la formation d\u2019initiation et de formations continues pour les membres du r\u00e9seau<\/li>\n\n\n\n<li>encadrement des activit\u00e9s de catalogage et d\u2019indexation des biblioth\u00e8ques<\/li>\n\n\n\n<li>mise en place et d\u00e9veloppement d\u2019une offre de documentation professionnelle, accessible en ligne<\/li>\n\n\n\n<li>d\u00e9placement dans les biblioth\u00e8ques pour des mesures d\u2019assistance et de conseil (p.ex. constitution de fonds, pr\u00e9sentation d\u2019ouvrages, \u00e9quipement avec barre-codes et \u00e9tiquettes etc.)<\/li>\n\n\n\n<li>contr\u00f4le de qualit\u00e9 des donn\u00e9es saisies par les biblioth\u00e8ques membres du r\u00e9seau bibnet.lu<\/li>\n\n\n\n<li>conseil et assistance aux biblioth\u00e8ques membres du r\u00e9seau<\/li>\n\n\n\n<li>mise en place de nouveaux services pour les biblioth\u00e8ques membres en collaboration avec le d\u00e9partement informatique et le service catalogage et indexation de la BnL.<\/li>\n<\/ul>\n\n\n\n<div style=\"height:21px\" aria-hidden=\"true\" class=\"wp-block-spacer\"><\/div>\n\n\n\n<p>Pour toute question ou demande veuillez vous adresser \u00e0 la<\/p>\n\n\n\n<p><strong>Biblioth\u00e8que nationale du Luxembourg<\/strong><br><strong>Division du r\u00e9seau des biblioth\u00e8ques luxembourgeoises bibnet.lu<\/strong><br>37D avenue John F. Kennedy<br>L-1855 Luxembourg<\/p>\n\n\n\n<p class=\"has-text-align-left\">ou \u00e0 :<\/p>\n\n\n\n<p><a href=\"mailto:bibnet@bnl.etat.lu\">bibnet@bnl.etat.lu<\/a><\/p>\n\n\n\n<hr class=\"wp-block-separator has-alpha-channel-opacity\"\/>\n\n\n\n<p><strong>L&#8217;\u00e9quipe de la division du r\u00e9seau bibnet.lu :<\/strong><\/p>\n\n\n\n<p>Martine Mathay, Jackie Dupont, Christel Kayser<\/p>\n\n\n\n<p>Anne Manternach, Annick Stein, Florence Buhler, Lynn Classen, Martine Hoffmann, Vicky Pelkes, Annette Ourth<\/p>\n\n\n\n<hr class=\"wp-block-separator has-alpha-channel-opacity\"\/>\n\n\n\n<div style=\"height:100px\" aria-hidden=\"true\" class=\"wp-block-spacer\"><\/div>\n\n\n\n<div class=\"portfolio-item nam-rutrum pellentesque isotope-item\" style=\"position: center; left: 0px; top: 0px;\">\n<p><iframe loading=\"lazy\" style=\"border: 0;\" src=\"https:\/\/www.google.com\/maps\/embed?pb=!1m18!1m12!1m3!1d2584.352474473937!2d6.162797416041045!3d49.628811079370436!2m3!1f0!2f0!3f0!3m2!1i1024!2i768!4f13.1!3m3!1m2!1s0x0%3A0x8fdf723b565b4e1a!2sLuxembourg+national+library!5e0!3m2!1sen!2slu!4v1565597961454!5m2!1sen!2slu\" width=\"600\" height=\"450\" frameborder=\"0\" allowfullscreen=\"allowfullscreen\"><\/iframe><\/p>\n<\/div>\n","protected":false},"excerpt":{"rendered":"<p>La division du r\u00e9seau des biblioth\u00e8ques luxembourgeoises bibnet.lu assure entre autres les fonctions et t\u00e2ches suivantes pour les biblioth\u00e8ques membres du r\u00e9seau bibnet.lu : Pour toute question ou demande veuillez vous adresser \u00e0 la Biblioth\u00e8que nationale du LuxembourgDivision du r\u00e9seau des biblioth\u00e8ques luxembourgeoises bibnet.lu37D avenue John F. KennedyL-1855 Luxembourg ou \u00e0 : bibnet@bnl.etat.lu L&#8217;\u00e9quipe de [&hellip;]<\/p>\n","protected":false},"author":10,"featured_media":0,"parent":5359,"menu_order":0,"comment_status":"closed","ping_status":"closed","template":"","meta":{"footnotes":""},"class_list":["post-5479","page","type-page","status-publish","hentry"],"_links":{"self":[{"href":"https:\/\/www.bibnet.lu\/blog\/index.php?rest_route=\/wp\/v2\/pages\/5479","targetHints":{"allow":["GET"]}}],"collection":[{"href":"https:\/\/www.bibnet.lu\/blog\/index.php?rest_route=\/wp\/v2\/pages"}],"about":[{"href":"https:\/\/www.bibnet.lu\/blog\/index.php?rest_route=\/wp\/v2\/types\/page"}],"author":[{"embeddable":true,"href":"https:\/\/www.bibnet.lu\/blog\/index.php?rest_route=\/wp\/v2\/users\/10"}],"replies":[{"embeddable":true,"href":"https:\/\/www.bibnet.lu\/blog\/index.php?rest_route=%2Fwp%2Fv2%2Fcomments&post=5479"}],"version-history":[{"count":50,"href":"https:\/\/www.bibnet.lu\/blog\/index.php?rest_route=\/wp\/v2\/pages\/5479\/revisions"}],"predecessor-version":[{"id":20159,"href":"https:\/\/www.bibnet.lu\/blog\/index.php?rest_route=\/wp\/v2\/pages\/5479\/revisions\/20159"}],"up":[{"embeddable":true,"href":"https:\/\/www.bibnet.lu\/blog\/index.php?rest_route=\/wp\/v2\/pages\/5359"}],"wp:attachment":[{"href":"https:\/\/www.bibnet.lu\/blog\/index.php?rest_route=%2Fwp%2Fv2%2Fmedia&parent=5479"}],"curies":[{"name":"wp","href":"https:\/\/api.w.org\/{rel}","templated":true}]}}