{"id":5394,"date":"2016-06-01T14:43:46","date_gmt":"2016-06-01T13:43:46","guid":{"rendered":"http:\/\/www.bibnet.lu\/blog\/?page_id=5394"},"modified":"2020-12-03T10:21:28","modified_gmt":"2020-12-03T09:21:28","slug":"enregistrements-sonores","status":"publish","type":"page","link":"https:\/\/www.bibnet.lu\/blog\/?page_id=5394","title":{"rendered":"Formation : Initiation au catalogage de non-livres selon les KIDS (1) : films, livres audio et cours de langues"},"content":{"rendered":"<table width=\"340\">\n<thead>\n<tr>\n<th style=\"text-align: left; border-bottom: solid 1px lightgray;\" colspan=\"2\"><span style=\"font-family: Arial; font-size: 14px;\"><span style=\"font-family: Arial; font-size: 14px;\"><span style=\"font-size: large;\"><strong>Initiation au catalogage de non-livres selon les KIDS (1) : films, livres audio et cours de langues<\/strong><br \/>\n<\/span><\/span><\/span><\/th>\n<th style=\"text-align: left; border-bottom: solid 1px lightgray;\"><\/th>\n<\/tr>\n<\/thead>\n<tbody>\n<tr>\n<td><strong>Formateur :<\/strong><\/td>\n<td>Marc Fritz (BnL)<\/td>\n<td><\/td>\n<\/tr>\n<tr>\n<td><strong>Dur\u00e9e :<\/strong><\/td>\n<td>2 journ\u00e9es<\/td>\n<td><\/td>\n<\/tr>\n<tr>\n<td><strong>Descriptif :<\/strong><\/td>\n<td>Initiation au catalogage des non-livres selon les KIDS (films, livres audio et cours de langues)<\/p>\n<ul>\n<li>Acquisition de documents audiovisuels<\/li>\n<li>Catalogage de documents audiovisuels<\/li>\n<\/ul>\n<\/td>\n<td><\/td>\n<\/tr>\n<tr>\n<td><strong>Pr\u00e9-requis :<\/strong><\/td>\n<td>\n<ul>\n<li>Avoir suivi la formation d\u2019initiation au catalogage<\/li>\n<li>Exp\u00e9rience solide au niveau du catalogage selon les KIDS<\/li>\n<\/ul>\n<p><em>(Le responsable de formation se r\u00e9serve le droit de refuser toute demande ne r\u00e9pondant pas aux crit\u00e8res sus mentionn\u00e9s)<\/em><\/td>\n<td><\/td>\n<\/tr>\n<tr>\n<td><strong><a href=\"https:\/\/www.bibnet.lu\/blog\/?page_id=10234\" target=\"_blank\" rel=\"noopener noreferrer\">Supports de cours<\/a><br \/>\n<\/strong><\/td>\n<td><\/td>\n<td><\/td>\n<\/tr>\n<tr>\n<td><strong><a href=\"https:\/\/www.bibnet.lu\/blog\/?page_id=6366\" target=\"_blank\" rel=\"noopener noreferrer\">Ressources\/Liens<\/a><br \/>\n<\/strong><\/td>\n<td><\/td>\n<td><\/td>\n<\/tr>\n<\/tbody>\n<\/table>\n<p><small><em>Les supports de cours sont uniquement accessibles au personnel des biblioth\u00e8ques membres du r\u00e9seau bibnet.lu<\/em><\/small><\/p>\n<div><\/div>\n","protected":false},"excerpt":{"rendered":"<p>Initiation au catalogage de non-livres selon les KIDS (1) : films, livres audio et cours de langues Formateur : Marc Fritz (BnL) Dur\u00e9e : 2 journ\u00e9es Descriptif : Initiation au catalogage des non-livres selon les KIDS (films, livres audio et cours de langues) Acquisition de documents audiovisuels Catalogage de documents audiovisuels Pr\u00e9-requis : Avoir suivi [&hellip;]<\/p>\n","protected":false},"author":10,"featured_media":0,"parent":0,"menu_order":0,"comment_status":"closed","ping_status":"closed","template":"","meta":{"footnotes":""},"class_list":["post-5394","page","type-page","status-publish","hentry"],"_links":{"self":[{"href":"https:\/\/www.bibnet.lu\/blog\/index.php?rest_route=\/wp\/v2\/pages\/5394","targetHints":{"allow":["GET"]}}],"collection":[{"href":"https:\/\/www.bibnet.lu\/blog\/index.php?rest_route=\/wp\/v2\/pages"}],"about":[{"href":"https:\/\/www.bibnet.lu\/blog\/index.php?rest_route=\/wp\/v2\/types\/page"}],"author":[{"embeddable":true,"href":"https:\/\/www.bibnet.lu\/blog\/index.php?rest_route=\/wp\/v2\/users\/10"}],"replies":[{"embeddable":true,"href":"https:\/\/www.bibnet.lu\/blog\/index.php?rest_route=%2Fwp%2Fv2%2Fcomments&post=5394"}],"version-history":[{"count":133,"href":"https:\/\/www.bibnet.lu\/blog\/index.php?rest_route=\/wp\/v2\/pages\/5394\/revisions"}],"predecessor-version":[{"id":15975,"href":"https:\/\/www.bibnet.lu\/blog\/index.php?rest_route=\/wp\/v2\/pages\/5394\/revisions\/15975"}],"wp:attachment":[{"href":"https:\/\/www.bibnet.lu\/blog\/index.php?rest_route=%2Fwp%2Fv2%2Fmedia&parent=5394"}],"curies":[{"name":"wp","href":"https:\/\/api.w.org\/{rel}","templated":true}]}}