{"id":5386,"date":"2016-06-01T14:42:34","date_gmt":"2016-06-01T13:42:34","guid":{"rendered":"http:\/\/www.bibnet.lu\/blog\/?page_id=5386"},"modified":"2021-08-25T08:10:04","modified_gmt":"2021-08-25T07:10:04","slug":"circulation","status":"publish","type":"page","link":"https:\/\/www.bibnet.lu\/blog\/?page_id=5386","title":{"rendered":"Formation : Circulation"},"content":{"rendered":"<table width=\"340\">\n<thead>\n<tr>\n<th style=\"text-align: left; border-bottom: solid 1px lightgray;\" colspan=\"2\"><span style=\"font-family: Arial; font-size: 14px;\"><span style=\"font-size: large;\"><strong>Initiation \u00e0 la circulation et aux statistiques<\/strong> <\/span><\/span><\/th>\n<th style=\"text-align: left; border-bottom: solid 1px lightgray;\"><\/th>\n<\/tr>\n<\/thead>\n<tbody>\n<tr>\n<td><strong>Formatrice\u00a0<\/strong><\/td>\n<td>Jackie Dupont (BnL)<\/td>\n<td><\/td>\n<\/tr>\n<tr>\n<td><strong>Descriptif\u00a0<\/strong><\/td>\n<td>Initiation aux r\u00e8gles en vigueur au sein du r\u00e9seau en ce qui concerne :<\/p>\n<ul>\n<li>Inscription de nouveaux lecteurs<\/li>\n<li>Gestion du fichier des lecteurs<\/li>\n<li>Initiation \u00e0 la gestion du pr\u00eat en salle et du pr\u00eat \u00e0 domicile<\/li>\n<\/ul>\n<p>La seconde partie traite des statistiques lecteurs :<\/p>\n<ul>\n<li>Acc\u00e8s au module de statistiques RED<\/li>\n<li>Donn\u00e9es \u00e0 enregistrer pour disposer de statistiques pertinentes<\/li>\n<\/ul>\n<\/td>\n<td><\/td>\n<\/tr>\n<tr>\n<td><strong>Pr\u00e9-requis\u00a0<\/strong><\/td>\n<td>Aucun<\/td>\n<td><\/td>\n<\/tr>\n<tr>\n<td><strong><a href=\"https:\/\/www.bibnet.lu\/blog\/?page_id=6825\" target=\"_blank\" rel=\"noopener noreferrer\">Supports de cours<\/a><br \/>\n<\/strong><\/td>\n<td><\/td>\n<td><\/td>\n<\/tr>\n<tr>\n<td><strong><a href=\"https:\/\/www.bibnet.lu\/blog\/?page_id=5423\" target=\"_blank\" rel=\"noopener noreferrer\">Liens\/Ressources<\/a><br \/>\n<\/strong><\/td>\n<td><\/td>\n<td><\/td>\n<\/tr>\n<\/tbody>\n<\/table>\n<p><small><em>Les supports de cours ainsi que les ressources et liens sont uniquement accessibles au personnel des biblioth\u00e8ques membres du r\u00e9seau bibnet.lu<\/em><\/small><\/p>\n","protected":false},"excerpt":{"rendered":"<p>Initiation \u00e0 la circulation et aux statistiques Formatrice\u00a0 Jackie Dupont (BnL) Descriptif\u00a0 Initiation aux r\u00e8gles en vigueur au sein du r\u00e9seau en ce qui concerne : Inscription de nouveaux lecteurs Gestion du fichier des lecteurs Initiation \u00e0 la gestion du pr\u00eat en salle et du pr\u00eat \u00e0 domicile La seconde partie traite des statistiques lecteurs [&hellip;]<\/p>\n","protected":false},"author":10,"featured_media":0,"parent":0,"menu_order":0,"comment_status":"closed","ping_status":"closed","template":"","meta":{"footnotes":""},"class_list":["post-5386","page","type-page","status-publish","hentry"],"_links":{"self":[{"href":"https:\/\/www.bibnet.lu\/blog\/index.php?rest_route=\/wp\/v2\/pages\/5386","targetHints":{"allow":["GET"]}}],"collection":[{"href":"https:\/\/www.bibnet.lu\/blog\/index.php?rest_route=\/wp\/v2\/pages"}],"about":[{"href":"https:\/\/www.bibnet.lu\/blog\/index.php?rest_route=\/wp\/v2\/types\/page"}],"author":[{"embeddable":true,"href":"https:\/\/www.bibnet.lu\/blog\/index.php?rest_route=\/wp\/v2\/users\/10"}],"replies":[{"embeddable":true,"href":"https:\/\/www.bibnet.lu\/blog\/index.php?rest_route=%2Fwp%2Fv2%2Fcomments&post=5386"}],"version-history":[{"count":100,"href":"https:\/\/www.bibnet.lu\/blog\/index.php?rest_route=\/wp\/v2\/pages\/5386\/revisions"}],"predecessor-version":[{"id":15743,"href":"https:\/\/www.bibnet.lu\/blog\/index.php?rest_route=\/wp\/v2\/pages\/5386\/revisions\/15743"}],"wp:attachment":[{"href":"https:\/\/www.bibnet.lu\/blog\/index.php?rest_route=%2Fwp%2Fv2%2Fmedia&parent=5386"}],"curies":[{"name":"wp","href":"https:\/\/api.w.org\/{rel}","templated":true}]}}