{"id":5366,"date":"2016-06-01T12:44:35","date_gmt":"2016-06-01T11:44:35","guid":{"rendered":"http:\/\/www.bibnet.lu\/blog\/?page_id=5366"},"modified":"2023-02-13T15:42:50","modified_gmt":"2023-02-13T14:42:50","slug":"nouveau-membre","status":"publish","type":"page","link":"https:\/\/www.bibnet.lu\/blog\/?page_id=5366","title":{"rendered":"Phases d&#8217;adh\u00e9sion"},"content":{"rendered":"<p><strong>L&#8217;\u00e9quipe de la section du r\u00e9seau des biblioth\u00e8ques luxembourgeoises bibnet.lu de la BnL vous guidera tout au long des d\u00e9marches \u00e0 faire, n&#8217;h\u00e9sitez pas \u00e0 nous contacter en envoyant un message \u00e0 <a href=\"mailto:bibnet@bnl.etat.lu\">bibnet@bnl.etat.lu<\/a>.<\/strong><\/p>\n<p>L&#8217;adh\u00e9sion au r\u00e9seau bibnet.lu se fait en 5 \u00e9tapes :<\/p>\n<table style=\"height: 144px;\" width=\"640\">\n<thead>\n<tr>\n<th style=\"text-align: left; border-bottom: solid 1px lightgray;\"><span style=\"font-family: Arial; font-size: 14px;\"><span style=\"font-size: large;\"><strong>1. Phase pr\u00e9liminaire<\/strong><\/span><\/span><\/th>\n<th style=\"text-align: right; border-bottom: solid 1px lightgray;\"><\/th>\n<\/tr>\n<\/thead>\n<tbody>\n<tr>\n<td style=\"text-align: left; border-bottom: solid 1px lightgray;\">1. Demande d&#8217;adh\u00e9sion par \u00e9crit de la part de votre direction \u00e0 la direction de la <a href=\"http:\/\/www.bnl.public.lu\/fr\/support\/contact\/index.php\" target=\"_blank\" rel=\"noopener noreferrer\">BnL<\/a><\/td>\n<td style=\"text-align: right; border-bottom: solid 1px lightgray;\"><\/td>\n<\/tr>\n<tr>\n<td style=\"text-align: left; border-bottom: solid 1px lightgray;\">2. <a href=\"https:\/\/www.bibnet.lu\/blog\/?page_id=8711\" target=\"_blank\" rel=\"noopener noreferrer\">Questionnaire<\/a> sur votre biblioth\u00e8que \u00e0 remplir et \u00e0 renvoyer par courriel \u00e0 <a href=\"mailto:bibnet@bnl.etat.lu\">bibnet@bnl.etat.lu<\/a><\/td>\n<td style=\"text-align: right; border-bottom: solid 1px lightgray;\"><\/td>\n<\/tr>\n<tr>\n<td style=\"text-align: left; border-bottom: solid 1px lightgray;\">3. R\u00e9union dans votre biblioth\u00e8que pour se concerter sur une d\u00e9marche d&#8217;adh\u00e9sion commune<\/td>\n<td style=\"text-align: right; border-bottom: solid 1px lightgray;\"><\/td>\n<\/tr>\n<\/tbody>\n<\/table>\n<table style=\"height: 184px;\" width=\"640\">\n<thead>\n<tr>\n<th style=\"text-align: left; border-bottom: solid 1px lightgray;\"><span style=\"font-family: Arial; font-size: 14px;\"><span style=\"font-size: large;\"><strong>2. Phase d&#8217;adh\u00e9sion<\/strong><\/span><\/span><\/th>\n<th style=\"text-align: right; border-bottom: solid 1px lightgray;\"><\/th>\n<\/tr>\n<\/thead>\n<tbody>\n<tr>\n<td style=\"text-align: left; border-bottom: solid 1px lightgray;\" height=\"20\">1. R\u00e9union \u00e0 la BnL afin de d\u00e9finir un calendrier d\u2019adh\u00e9sion commun, et de pr\u00e9senter un projet de convention ainsi que les pr\u00e9requis n\u00e9cessaires en mati\u00e8re d\u2019infrastructure, personnel et acc\u00e8s.<\/p>\n<p><strong>Pr\u00e9requis important : disposer d\u2019une adresse professionnelle personnalis\u00e9e (p.ex. prenom.nom@test.lu) pour les \u00e9tapes qui suivent<\/strong><\/td>\n<td style=\"text-align: right; border-bottom: solid 1px lightgray;\"><\/td>\n<\/tr>\n<tr>\n<td style=\"text-align: left; border-bottom: solid 1px lightgray;\">2. Pour les biblioth\u00e8ques hors du r\u00e9seau du CTIE :<\/p>\n<ul>\n<li><a href=\"https:\/\/www.bibnet.lu\/blog\/?page_id=1612\" target=\"_blank\" rel=\"noopener noreferrer\">commande d&#8217;un certificat LuxTrust<\/a> (signing stick, smartcard, carte d&#8217;identit\u00e9 \u00e9l\u00e9ctronique)<\/li>\n<li><a href=\"https:\/\/www.bibnet.lu\/blog\/?page_id=9204\" target=\"_blank\" rel=\"noopener noreferrer\">installation du Middleware LuxTrust<\/a><\/li>\n<li><a href=\"https:\/\/www.bibnet.lu\/blog\/?page_id=9217\" target=\"_blank\" rel=\"noopener noreferrer\">activation du certificat LuxTrust<\/a><\/li>\n<li><a href=\"https:\/\/www.bibnet.lu\/blog\/?page_id=763\" target=\"_blank\" rel=\"noopener noreferrer\">demande d&#8217;un acc\u00e8s VPN<\/a> aupr\u00e8s de la BnL<\/li>\n<li><a href=\"https:\/\/www.bibnet.lu\/blog\/?page_id=1657\" target=\"_blank\" rel=\"noopener noreferrer\">installation du client CISCO AnyConnect VPN<\/a> et \u00e9tablissement de votre premi\u00e8re connexion<\/li>\n<\/ul>\n<\/td>\n<td style=\"text-align: right; border-bottom: solid 1px lightgray;\"><\/td>\n<\/tr>\n<tr>\n<td style=\"text-align: left; border-bottom: solid 1px lightgray;\">3. <a href=\"https:\/\/www.bibnet.lu\/blog\/?page_id=2219\" target=\"_blank\" rel=\"noopener noreferrer\">Compl\u00e9ter l&#8217;\u00e9quipement de votre biblioth\u00e8que<\/a><\/td>\n<td style=\"text-align: right; border-bottom: solid 1px lightgray;\"><\/td>\n<\/tr>\n<tr>\n<td style=\"text-align: left; border-bottom: solid 1px lightgray;\">4. Signature de la <a href=\"https:\/\/www.bibnet.lu\/blog\/?page_id=8728\" target=\"_blank\" rel=\"noopener noreferrer\">convention d&#8217;adh\u00e9sion<\/a> (acc\u00e8s restreint : section du r\u00e9seau bibnet.lu de la Biblioth\u00e8que nationale)<\/td>\n<td style=\"text-align: right; border-bottom: solid 1px lightgray;\"><\/td>\n<\/tr>\n<\/tbody>\n<\/table>\n<table style=\"height: 184px;\" width=\"640\">\n<thead>\n<tr>\n<th style=\"text-align: left; border-bottom: solid 1px lightgray;\"><span style=\"font-family: Arial; font-size: 14px;\"><span style=\"font-size: large;\"><strong>3. Phase de formation<\/strong><\/span><\/span><\/th>\n<th style=\"text-align: right; border-bottom: solid 1px lightgray;\"><\/th>\n<\/tr>\n<\/thead>\n<tbody>\n<tr>\n<td style=\"text-align: left; border-bottom: solid 1px lightgray;\" height=\"20\"><i>Pour pouvoir passer \u00e0 l\u2019\u00e9tape suivante, il est indispensable d&#8217;avoir un acc\u00e8s direct ou indirect (VPN, connexion Sigi ou CGIE) au r\u00e9seau informatique du CTIE.<\/i><\/td>\n<td style=\"text-align: right; border-bottom: solid 1px lightgray;\"><\/td>\n<\/tr>\n<tr>\n<td style=\"text-align: left; border-bottom: solid 1px lightgray;\" height=\"20\">1. <a href=\"https:\/\/www.bibnet.lu\/blog\/?page_id=10566\" target=\"_blank\" rel=\"noopener noreferrer\">T\u00e9l\u00e9chargement de la version <i>TEST<\/i> du logiciel Aleph v. 23 <\/a><\/td>\n<td style=\"text-align: right; border-bottom: solid 1px lightgray;\"><\/td>\n<\/tr>\n<tr>\n<td style=\"text-align: left; border-bottom: solid 1px lightgray;\">2. <a href=\"https:\/\/www.bibnet.lu\/blog\/?page_id=16255\" target=\"_blank\" rel=\"noopener noreferrer\">Formation d&#8217;initiation au catalogage et autres organis\u00e9es par la section bibnet.lu<\/a><\/td>\n<td style=\"text-align: right; border-bottom: solid 1px lightgray;\"><\/td>\n<\/tr>\n<tr>\n<td style=\"text-align: left; border-bottom: solid 1px lightgray;\">3. <a href=\"https:\/\/www.bibnet.lu\/blog\/?page_id=734\" target=\"_blank\" rel=\"noopener noreferrer\">R\u00e9union de param\u00e9trage du logiciel Aleph<\/a> et <a href=\"https:\/\/www.bibnet.lu\/blog\/?page_id=10574\" target=\"_blank\" rel=\"noopener noreferrer\">installation de la version <em>PROD<\/em> du logiciel Aleph<\/a><\/td>\n<td style=\"text-align: right; border-bottom: solid 1px lightgray;\"><\/td>\n<\/tr>\n<tr>\n<td style=\"text-align: left; border-bottom: solid 1px lightgray;\">4. Mise en place d&#8217;un syst\u00e8me de code-barres et fourniture de rouleaux<\/td>\n<td style=\"text-align: right; border-bottom: solid 1px lightgray;\"><\/td>\n<\/tr>\n<tr>\n<td style=\"text-align: left; border-bottom: solid 1px lightgray;\">5. Importation de votre fichier de lecteur actuel<\/td>\n<td style=\"text-align: right; border-bottom: solid 1px lightgray;\"><\/td>\n<\/tr>\n<tr>\n<td style=\"text-align: left; border-bottom: solid 1px lightgray;\">6. <a href=\"https:\/\/www.bibnet.lu\/blog\/?page_id=8275\" target=\"_blank\" rel=\"noopener noreferrer\">Cr\u00e9ation d&#8217;une carte de lecteur <\/a>et installation de <a href=\"https:\/\/www.bibnet.lu\/blog\/?page_id=4291&amp;page=1\" target=\"_blank\" rel=\"noopener noreferrer\">l&#8217;imprimante des cartes de lecteur<\/a><\/td>\n<td style=\"text-align: right; border-bottom: solid 1px lightgray;\"><\/td>\n<\/tr>\n<\/tbody>\n<\/table>\n<table style=\"height: 184px;\" width=\"640\">\n<thead>\n<tr>\n<th style=\"text-align: left; border-bottom: solid 1px lightgray;\"><span style=\"font-family: Arial; font-size: 14px;\"><span style=\"font-size: large;\"><strong>4. Phase d&#8217;int\u00e9gration et d&#8217;alimentation du catalogue collectif<\/strong><\/span><\/span><\/th>\n<th style=\"text-align: right; border-bottom: solid 1px lightgray;\"><\/th>\n<\/tr>\n<\/thead>\n<tbody>\n<tr>\n<td style=\"text-align: left; border-bottom: solid 1px lightgray;\" height=\"20\">1. Saisie des ressources par vous-m\u00eame \u00e0 l&#8217;aide du logiciel Aleph<\/td>\n<td style=\"text-align: right; border-bottom: solid 1px lightgray;\"><\/td>\n<\/tr>\n<tr>\n<td style=\"text-align: left; border-bottom: solid 1px lightgray;\">2. V\u00e9rification et validation des documents catalogu\u00e9s par le service bibnet.lu<\/td>\n<td style=\"text-align: right; border-bottom: solid 1px lightgray;\"><\/td>\n<\/tr>\n<tr>\n<td style=\"text-align: left; border-bottom: solid 1px lightgray;\">3. <a href=\"https:\/\/www.bibnet.lu\/blog\/wp-content\/uploads\/2012\/03\/Param%C3%A9trage-des-heures-douverture1.pdf\" target=\"_blank\" rel=\"noopener noreferrer\">R\u00e9union concernant l&#8217;inscription de lecteurs et les derni\u00e8res d\u00e9marches d&#8217;adh\u00e9sion<\/a><\/td>\n<td style=\"text-align: right; border-bottom: solid 1px lightgray;\"><\/td>\n<\/tr>\n<tr>\n<td style=\"text-align: left; border-bottom: solid 1px lightgray;\">4. D\u00e9marrage du syst\u00e8me d&#8217;inscription des lecteurs<\/td>\n<td style=\"text-align: right; border-bottom: solid 1px lightgray;\"><\/td>\n<\/tr>\n<tr>\n<td style=\"text-align: left; border-bottom: solid 1px lightgray;\">5. <a href=\"https:\/\/www.bibnet.lu\/blog\/?page_id=9143\" target=\"_blank\" rel=\"noopener noreferrer\">Param\u00e9trage de la circulation<\/a><\/td>\n<td style=\"text-align: right; border-bottom: solid 1px lightgray;\"><\/td>\n<\/tr>\n<tr>\n<td style=\"text-align: left; border-bottom: solid 1px lightgray;\">6. <a href=\"https:\/\/www.bibnet.lu\/blog\/?page_id=5386\" target=\"_blank\" rel=\"noopener noreferrer\">Initiation du personnel au pr\u00eat<\/a><\/td>\n<td style=\"text-align: right; border-bottom: solid 1px lightgray;\"><\/td>\n<\/tr>\n<tr>\n<td style=\"text-align: left; border-bottom: solid 1px lightgray;\">7. <a href=\"https:\/\/www.bibnet.lu\/blog\/?page_id=943\" target=\"_blank\" rel=\"noopener noreferrer\">Ajout de votre biblioth\u00e8que \u00e0 la liste officielle du r\u00e9seau<\/a><\/td>\n<td style=\"text-align: right; border-bottom: solid 1px lightgray;\"><\/td>\n<\/tr>\n<\/tbody>\n<\/table>\n<table style=\"height: 184px;\" width=\"640\">\n<thead>\n<tr>\n<th style=\"text-align: left; border-bottom: solid 1px lightgray;\"><span style=\"font-family: Arial; font-size: 14px;\"><span style=\"font-size: large;\"><strong>5. Phase d&#8217;encadrement et vie du r\u00e9seau<\/strong><\/span><\/span><\/th>\n<th style=\"text-align: right; border-bottom: solid 1px lightgray;\"><\/th>\n<\/tr>\n<\/thead>\n<tbody>\n<tr>\n<td style=\"text-align: left; border-bottom: solid 1px lightgray;\" height=\"20\"><i>\u00c0 partir d&#8217;ici, le nouveau membre est consid\u00e9r\u00e9 \u00eatre \u00ab membre actif du r\u00e9seau \u00bb et est ajout\u00e9 \u00e0 la liste officielle des membres du r\u00e9seau<\/i><\/td>\n<td style=\"text-align: right; border-bottom: solid 1px lightgray;\"><\/td>\n<\/tr>\n<tr>\n<td style=\"text-align: left; border-bottom: solid 1px lightgray;\" height=\"20\">1. <a href=\"https:\/\/www.bibnet.lu\/blog\/?page_id=16255\" target=\"_blank\" rel=\"noopener\">Formation continue<\/a><\/td>\n<td style=\"text-align: right; border-bottom: solid 1px lightgray;\"><\/td>\n<\/tr>\n<tr>\n<td style=\"text-align: left; border-bottom: solid 1px lightgray;\" height=\"20\">2. <a href=\"https:\/\/www.bibnet.lu\/blog\/?page_id=8301\" target=\"_blank\" rel=\"noopener noreferrer\">Int\u00e9grer le portail www.a-z.lu sur votre site Web <\/a><\/td>\n<td style=\"text-align: right; border-bottom: solid 1px lightgray;\"><\/td>\n<\/tr>\n<tr>\n<td style=\"text-align: left; border-bottom: solid 1px lightgray;\">3. Participation \u00e0 la vie active du r\u00e9seau<\/td>\n<td style=\"text-align: right; border-bottom: solid 1px lightgray;\"><\/td>\n<\/tr>\n<\/tbody>\n<\/table>\n<p>L&#8217;\u00e9quipe de la section du r\u00e9seau des biblioth\u00e8ques luxembourgeoises bibnet.lu de la BnL vous guidera tout au long des d\u00e9marches \u00e0 faire. N&#8217;h\u00e9sitez pas \u00e0 nous contacter en envoyant un message \u00e0 <a href=\"mailto:bibnet@bnl.etat.lu\">bibnet@bnl.etat.lu<\/a>.<\/p>\n","protected":false},"excerpt":{"rendered":"<p>L&#8217;\u00e9quipe de la section du r\u00e9seau des biblioth\u00e8ques luxembourgeoises bibnet.lu de la BnL vous guidera tout au long des d\u00e9marches \u00e0 faire, n&#8217;h\u00e9sitez pas \u00e0 nous contacter en envoyant un message \u00e0 bibnet@bnl.etat.lu. L&#8217;adh\u00e9sion au r\u00e9seau bibnet.lu se fait en 5 \u00e9tapes : 1. Phase pr\u00e9liminaire 1. Demande d&#8217;adh\u00e9sion par \u00e9crit de la part de [&hellip;]<\/p>\n","protected":false},"author":10,"featured_media":0,"parent":0,"menu_order":1,"comment_status":"closed","ping_status":"closed","template":"","meta":{"footnotes":""},"class_list":["post-5366","page","type-page","status-publish","hentry"],"_links":{"self":[{"href":"https:\/\/www.bibnet.lu\/blog\/index.php?rest_route=\/wp\/v2\/pages\/5366","targetHints":{"allow":["GET"]}}],"collection":[{"href":"https:\/\/www.bibnet.lu\/blog\/index.php?rest_route=\/wp\/v2\/pages"}],"about":[{"href":"https:\/\/www.bibnet.lu\/blog\/index.php?rest_route=\/wp\/v2\/types\/page"}],"author":[{"embeddable":true,"href":"https:\/\/www.bibnet.lu\/blog\/index.php?rest_route=\/wp\/v2\/users\/10"}],"replies":[{"embeddable":true,"href":"https:\/\/www.bibnet.lu\/blog\/index.php?rest_route=%2Fwp%2Fv2%2Fcomments&post=5366"}],"version-history":[{"count":131,"href":"https:\/\/www.bibnet.lu\/blog\/index.php?rest_route=\/wp\/v2\/pages\/5366\/revisions"}],"predecessor-version":[{"id":16258,"href":"https:\/\/www.bibnet.lu\/blog\/index.php?rest_route=\/wp\/v2\/pages\/5366\/revisions\/16258"}],"wp:attachment":[{"href":"https:\/\/www.bibnet.lu\/blog\/index.php?rest_route=%2Fwp%2Fv2%2Fmedia&parent=5366"}],"curies":[{"name":"wp","href":"https:\/\/api.w.org\/{rel}","templated":true}]}}