{"id":5255,"date":"2016-02-19T14:10:42","date_gmt":"2016-02-19T13:10:42","guid":{"rendered":"http:\/\/www.bibnet.lu\/blog\/?page_id=5255"},"modified":"2026-03-17T16:03:17","modified_gmt":"2026-03-17T15:03:17","slug":"membres-bibnet-lu","status":"publish","type":"page","link":"https:\/\/www.bibnet.lu\/blog\/?page_id=5255","title":{"rendered":"R\u00e9seau des biblioth\u00e8ques luxembourgeoises bibnet.lu"},"content":{"rendered":"\n<p>En 1985, la <a href=\"http:\/\/www.bnl.public.lu\/fr\/index.html\" target=\"_blank\" rel=\"noopener noreferrer\">Biblioth\u00e8que nationale (BnL)<\/a> a pris l\u2019initiative de mettre en place un r\u00e9seau de biblioth\u00e8ques luxembourgeois. Le r\u00e9seau bibnet.lu compte actuellement 92 membres aux profils diff\u00e9rents :<\/p>\n\n\n\n<p>-instituts culturels, administrations et \u00e9tablissements publics<\/p>\n\n\n\n<p>-enseignement sup\u00e9rieur et recherche<\/p>\n\n\n\n<p>-enseignement secondaire et fondamental<\/p>\n\n\n\n<p>-et biblioth\u00e8ques publiques, communales et associatives<\/p>\n\n\n\n<div style=\"height:30px\" aria-hidden=\"true\" class=\"wp-block-spacer\"><\/div>\n\n\n\n<p>Ses membres alimentent un catalogue collectif commun et exploitent les services et outils y relatifs. Ils utilisent des standards, normes et protocoles biblioth\u00e9conomiques communs, homog\u00e8nes et compatibles avec les standards internationaux. L\u2019utilisation de syst\u00e8mes et de proc\u00e9d\u00e9s communs, tels que le catalogue unique et centralis\u00e9, permet&nbsp;la mise en commun de ressources (collections, expertise professionnelle, technologies et d\u00e9veloppement \u00e0 long terme) ainsi que le recours \u00e0 un fichier collectif des lecteurs, une gestion facilit\u00e9e du pr\u00eat, la g\u00e9n\u00e9ration de rapports statistiques. Il en r\u00e9sulte des services plus nombreux et plus avantageux pour les usagers et des gains de productivit\u00e9 pour les biblioth\u00e8ques.<\/p>\n\n\n\n<p>Le r\u00e9seau des biblioth\u00e8ques luxembourgeoises bibnet.lu est coordonn\u00e9 par la Biblioth\u00e8que nationale. La BnL g\u00e8re et assure en particulier la maintenance, ainsi que le d\u00e9veloppement des outils informatiques et de gestion utilis\u00e9s en commun par les biblioth\u00e8ques du r\u00e9seau. Ce travail est assur\u00e9 en coop\u00e9ration avec le Centre des technologies de l&#8217;information de l\u2019Etat (CTIE). Le r\u00e9seau bibnet.lu travaille en \u00e9troite collaboration avec le <a href=\"http:\/\/blog.findit.lu\/\" target=\"_blank\" rel=\"noopener noreferrer\">Consortium Luxembourg.<\/a><\/p>\n\n\n\n<p>Des statistiques concernant les biblioth\u00e8ques membres du r\u00e9seau bibnet.lu peuvent \u00eatre consult\u00e9es sur le portail du <a href=\"https:\/\/lustat.statec.lu\/vis?fs[0]=Th%C3%A8mes%2C1%7CConditions%20sociales%23C%23%7CSport%20et%20culture%23C8%23&amp;pg=0&amp;fc=Th%C3%A8mes&amp;df[ds]=release&amp;df[id]=DF_C8119&amp;df[ag]=LU1&amp;df[vs]=1.0&amp;pd=2015%2C2019&amp;dq=.A\" target=\"_blank\" rel=\"noopener\">STATEC<\/a> (Institut national de la statistique et des \u00e9tudes \u00e9conomiques du Grand-Duch\u00e9 de Luxembourg).<\/p>\n\n\n\n<p class=\"has-text-align-left\">Les fonds des biblioth\u00e8ques membres sont accessibles \u00e0 travers un catalogue collectif commun consultable \u00e0 partir de l\u2019outil de recherche unifi\u00e9&nbsp;<a href=\"http:\/\/a-z.lu\" target=\"_blank\" rel=\"noopener noreferrer\">a-z.lu<\/a>.<\/p>\n\n\n\n<div style=\"height:28px\" aria-hidden=\"true\" class=\"wp-block-spacer\"><\/div>\n\n\n\n<p><iframe loading=\"lazy\" src=\"https:\/\/www.google.com\/maps\/d\/u\/0\/embed?mid=1sL5ouUbjp9-nxabi8vw_KI0ySSc\" width=\"640\" height=\"480\"><\/iframe><\/p>\n\n\n\n<figure class=\"wp-block-image\"><a href=\"https:\/\/www.google.com\/maps\/d\/viewer?mid=1sL5ouUbjp9-nxabi8vw_KI0ySSc&amp;usp=sharing\" target=\"_blank\" rel=\"noopener noreferrer\"><img decoding=\"async\" src=\"https:\/\/www.bibnet.lu\/blog\/wp-content\/uploads\/2016\/08\/iconmap1.png\" alt=\"\"\/><\/a><\/figure>\n\n\n\n<div><small><em>Cliquer sur l\u2019ic\u00f4ne pour consulter une liste de toutes les biblioth\u00e8ques membres du r\u00e9seau bibnet.lu<\/em><\/small><\/div>\n\n\n\n<div style=\"height:51px\" aria-hidden=\"true\" class=\"wp-block-spacer\"><\/div>\n\n\n\n<figure class=\"wp-block-image\"><a href=\"https:\/\/www.google.com\/maps\/d\/viewer?mid=1sL5ouUbjp9-nxabi8vw_KI0ySSc&amp;usp=sharing\" target=\"_blank\" rel=\"noopener noreferrer\"><img decoding=\"async\" src=\"https:\/\/www.bibnet.lu\/blog\/wp-content\/uploads\/2016\/08\/iconmap2.png\" alt=\"\"\/><\/a><\/figure>\n\n\n\n<div><small><em>Cliquer sur l\u2019ic\u00f4ne pour afficher une version \u00e9largie de la carte<\/em><\/small><\/div>\n","protected":false},"excerpt":{"rendered":"<p>En 1985, la Biblioth\u00e8que nationale (BnL) a pris l\u2019initiative de mettre en place un r\u00e9seau de biblioth\u00e8ques luxembourgeois. Le r\u00e9seau bibnet.lu compte actuellement 92 membres aux profils diff\u00e9rents : -instituts culturels, administrations et \u00e9tablissements publics -enseignement sup\u00e9rieur et recherche -enseignement secondaire et fondamental -et biblioth\u00e8ques publiques, communales et associatives Ses membres alimentent un catalogue collectif [&hellip;]<\/p>\n","protected":false},"author":3,"featured_media":0,"parent":5359,"menu_order":0,"comment_status":"closed","ping_status":"closed","template":"","meta":{"footnotes":""},"class_list":["post-5255","page","type-page","status-publish","hentry"],"_links":{"self":[{"href":"https:\/\/www.bibnet.lu\/blog\/index.php?rest_route=\/wp\/v2\/pages\/5255","targetHints":{"allow":["GET"]}}],"collection":[{"href":"https:\/\/www.bibnet.lu\/blog\/index.php?rest_route=\/wp\/v2\/pages"}],"about":[{"href":"https:\/\/www.bibnet.lu\/blog\/index.php?rest_route=\/wp\/v2\/types\/page"}],"author":[{"embeddable":true,"href":"https:\/\/www.bibnet.lu\/blog\/index.php?rest_route=\/wp\/v2\/users\/3"}],"replies":[{"embeddable":true,"href":"https:\/\/www.bibnet.lu\/blog\/index.php?rest_route=%2Fwp%2Fv2%2Fcomments&post=5255"}],"version-history":[{"count":86,"href":"https:\/\/www.bibnet.lu\/blog\/index.php?rest_route=\/wp\/v2\/pages\/5255\/revisions"}],"predecessor-version":[{"id":20360,"href":"https:\/\/www.bibnet.lu\/blog\/index.php?rest_route=\/wp\/v2\/pages\/5255\/revisions\/20360"}],"up":[{"embeddable":true,"href":"https:\/\/www.bibnet.lu\/blog\/index.php?rest_route=\/wp\/v2\/pages\/5359"}],"wp:attachment":[{"href":"https:\/\/www.bibnet.lu\/blog\/index.php?rest_route=%2Fwp%2Fv2%2Fmedia&parent=5255"}],"curies":[{"name":"wp","href":"https:\/\/api.w.org\/{rel}","templated":true}]}}