{"id":3765,"date":"2013-10-14T10:05:09","date_gmt":"2013-10-14T09:05:09","guid":{"rendered":"http:\/\/www.bibnet.lu\/blog\/?page_id=3765"},"modified":"2016-09-01T11:48:06","modified_gmt":"2016-09-01T10:48:06","slug":"la-bibliotheque-de-la-ccdh-2","status":"publish","type":"page","link":"https:\/\/www.bibnet.lu\/blog\/?page_id=3765","title":{"rendered":"Commission consultative des Droits de l&#8217;Homme (CCDH)"},"content":{"rendered":"<p><a title=\"Un nouveau centre de documentation ouvert au public\" href=\"https:\/\/www.bibnet.lu\/blog\/?page_id=3764\">Un nouveau centre de documentation ouvert au public<\/a> \u00a0\u00a0 |\u00a0\u00a0\u00a0\u00a0 <strong>Organisation et fonctionnement de la CCDH<\/strong> \u00a0\u00a0\u00a0 |\u00a0\u00a0\u00a0\u00a0 <a title=\"La biblioth\u00e8que de la CCDH en un coup d'oeil\" href=\"https:\/\/www.bibnet.lu\/blog\/?page_id=3772\">Le centre de documentation de la CCDH en un coup d&#8217;oeil<\/a><\/p>\n<h3><strong>Organisation et fonctionnement de la CCDH<br \/>\n<\/strong><\/h3>\n<p>Le projet de mise en place d\u2019une commission des droits de l\u2019Homme au Luxembourg avait pris temps pour m\u00fbrir. Apr\u00e8s les premiers pourparlers, c\u2019est en d\u00e9cembre 1997 que le Premier ministre avait exprim\u00e9 le souhait de voir une commission consultative se constituer. Lors de sa s\u00e9ance du 28 avril 2000, le Conseil de gouvernement a adopt\u00e9 le r\u00e8glement portant institution d\u2019une Commission Consultative des Droits de l\u2019Homme.<\/p>\n<p>La loi du 21 novembre 2008 portant cr\u00e9ation d\u2019une Commission Consultative des Droits de l\u2019Homme au Grand-Duch\u00e9 de Luxembourg a ensuite dot\u00e9 la Commission d&#8217;un statut l\u00e9gal, lui conf\u00e9rant le m\u00eame rang formel que d&#8217;autres organes de d\u00e9fense des droits fondamentaux des citoyens tels que le M\u00e9diateur, l&#8217;Ombuds-Comit\u00e9 fir d&#8217;Rechter vum Kand, la Commission nationale pour la Protection des Donn\u00e9es ou encore le Centre pour l&#8217;\u00c9galit\u00e9 de Traitement.<\/p>\n<p>La Commission est un organe consultatif du Gouvernement qui a pour mission la promotion et la protection des droits de l\u2019Homme au Grand-Duch\u00e9 de Luxembourg. Elle adresse au Gouvernement des avis, \u00e9tudes, prises de position et recommandations qu\u2019elle \u00e9labore en toute ind\u00e9pendance, soit \u00e0 la demande du Gouvernement, soit de sa propre initiative.<\/p>\n<p>La commission se compose de vingt et un membres avec voix d\u00e9lib\u00e9rative au plus, nomm\u00e9s par le Gouvernement pour des mandats renouvelables de cinq ans. Les membres de la Commission sont des personnes ind\u00e9pendantes repr\u00e9sentatives issues de la soci\u00e9t\u00e9 civile et choisies en raison de leurs comp\u00e9tences et de leur engagement en mati\u00e8re de droits de l\u2019Homme ou, de fa\u00e7on plus g\u00e9n\u00e9rale, dans le domaine des questions de soci\u00e9t\u00e9.<\/p>\n","protected":false},"excerpt":{"rendered":"<p>Un nouveau centre de documentation ouvert au public \u00a0\u00a0 |\u00a0\u00a0\u00a0\u00a0 Organisation et fonctionnement de la CCDH \u00a0\u00a0\u00a0 |\u00a0\u00a0\u00a0\u00a0 Le centre de documentation de la CCDH en un coup d&#8217;oeil Organisation et fonctionnement de la CCDH Le projet de mise en place d\u2019une commission des droits de l\u2019Homme au Luxembourg avait pris temps pour m\u00fbrir. Apr\u00e8s [&hellip;]<\/p>\n","protected":false},"author":3,"featured_media":0,"parent":3042,"menu_order":0,"comment_status":"closed","ping_status":"closed","template":"","meta":{"footnotes":""},"class_list":["post-3765","page","type-page","status-publish","hentry"],"_links":{"self":[{"href":"https:\/\/www.bibnet.lu\/blog\/index.php?rest_route=\/wp\/v2\/pages\/3765","targetHints":{"allow":["GET"]}}],"collection":[{"href":"https:\/\/www.bibnet.lu\/blog\/index.php?rest_route=\/wp\/v2\/pages"}],"about":[{"href":"https:\/\/www.bibnet.lu\/blog\/index.php?rest_route=\/wp\/v2\/types\/page"}],"author":[{"embeddable":true,"href":"https:\/\/www.bibnet.lu\/blog\/index.php?rest_route=\/wp\/v2\/users\/3"}],"replies":[{"embeddable":true,"href":"https:\/\/www.bibnet.lu\/blog\/index.php?rest_route=%2Fwp%2Fv2%2Fcomments&post=3765"}],"version-history":[{"count":13,"href":"https:\/\/www.bibnet.lu\/blog\/index.php?rest_route=\/wp\/v2\/pages\/3765\/revisions"}],"predecessor-version":[{"id":4724,"href":"https:\/\/www.bibnet.lu\/blog\/index.php?rest_route=\/wp\/v2\/pages\/3765\/revisions\/4724"}],"up":[{"embeddable":true,"href":"https:\/\/www.bibnet.lu\/blog\/index.php?rest_route=\/wp\/v2\/pages\/3042"}],"wp:attachment":[{"href":"https:\/\/www.bibnet.lu\/blog\/index.php?rest_route=%2Fwp%2Fv2%2Fmedia&parent=3765"}],"curies":[{"name":"wp","href":"https:\/\/api.w.org\/{rel}","templated":true}]}}