{"id":3742,"date":"2013-10-11T15:34:55","date_gmt":"2013-10-11T14:34:55","guid":{"rendered":"http:\/\/www.bibnet.lu\/blog\/?page_id=3742"},"modified":"2024-07-04T11:08:35","modified_gmt":"2024-07-04T10:08:35","slug":"le-lecteur-de-code-barres","status":"publish","type":"page","link":"https:\/\/www.bibnet.lu\/blog\/?page_id=3742","title":{"rendered":"Le lecteur de code-barres"},"content":{"rendered":"<p><img loading=\"lazy\" decoding=\"async\" class=\"wp-image-6125 alignleft\" src=\"https:\/\/www.bibnet.lu\/blog\/wp-content\/uploads\/2013\/10\/lecteur-code-barres-300x300.jpg\" alt=\"lecteur code barres\" width=\"156\" height=\"156\" srcset=\"https:\/\/www.bibnet.lu\/blog\/wp-content\/uploads\/2013\/10\/lecteur-code-barres-300x300.jpg 300w, https:\/\/www.bibnet.lu\/blog\/wp-content\/uploads\/2013\/10\/lecteur-code-barres-150x150.jpg 150w, https:\/\/www.bibnet.lu\/blog\/wp-content\/uploads\/2013\/10\/lecteur-code-barres-50x50.jpg 50w, https:\/\/www.bibnet.lu\/blog\/wp-content\/uploads\/2013\/10\/lecteur-code-barres.jpg 800w\" sizes=\"auto, (max-width: 156px) 100vw, 156px\" \/><\/p>\n<p>Afin de faciliter la circulation des documents, un <strong>lecteur de code-barres<\/strong> s\u2019impose.<\/p>\n<p>Tout lecteur \u00e9tant capable de lire le code 128 devrait cependant \u00eatre compatible avec le syst\u00e8me.<br \/>\n<img loading=\"lazy\" decoding=\"async\" class=\" wp-image-8656 alignright\" src=\"https:\/\/www.bibnet.lu\/blog\/wp-content\/uploads\/2013\/10\/code-barres-246x300.jpg\" alt=\"code barres\" width=\"173\" height=\"212\" srcset=\"https:\/\/www.bibnet.lu\/blog\/wp-content\/uploads\/2013\/10\/code-barres-246x300.jpg 246w, https:\/\/www.bibnet.lu\/blog\/wp-content\/uploads\/2013\/10\/code-barres.jpg 524w\" sizes=\"auto, (max-width: 173px) 100vw, 173px\" \/><\/p>\n<p>Les rouleaux de codes \u00e0 barres sont distribu\u00e9s par la section du r\u00e9seau bibnet.lu. Vous pouvez les commander en envoyant un courriel \u00e0 <a href=\"mailto:bibnet@bnl.etat.lu\">bibnet@bnl.etat.lu<\/a><\/p>\n","protected":false},"excerpt":{"rendered":"<p>Afin de faciliter la circulation des documents, un lecteur de code-barres s\u2019impose. Tout lecteur \u00e9tant capable de lire le code 128 devrait cependant \u00eatre compatible avec le syst\u00e8me. Les rouleaux de codes \u00e0 barres sont distribu\u00e9s par la section du r\u00e9seau bibnet.lu. Vous pouvez les commander en envoyant un courriel \u00e0 bibnet@bnl.etat.lu<\/p>\n","protected":false},"author":3,"featured_media":0,"parent":2219,"menu_order":0,"comment_status":"closed","ping_status":"closed","template":"","meta":{"footnotes":""},"class_list":["post-3742","page","type-page","status-publish","hentry"],"_links":{"self":[{"href":"https:\/\/www.bibnet.lu\/blog\/index.php?rest_route=\/wp\/v2\/pages\/3742","targetHints":{"allow":["GET"]}}],"collection":[{"href":"https:\/\/www.bibnet.lu\/blog\/index.php?rest_route=\/wp\/v2\/pages"}],"about":[{"href":"https:\/\/www.bibnet.lu\/blog\/index.php?rest_route=\/wp\/v2\/types\/page"}],"author":[{"embeddable":true,"href":"https:\/\/www.bibnet.lu\/blog\/index.php?rest_route=\/wp\/v2\/users\/3"}],"replies":[{"embeddable":true,"href":"https:\/\/www.bibnet.lu\/blog\/index.php?rest_route=%2Fwp%2Fv2%2Fcomments&post=3742"}],"version-history":[{"count":15,"href":"https:\/\/www.bibnet.lu\/blog\/index.php?rest_route=\/wp\/v2\/pages\/3742\/revisions"}],"predecessor-version":[{"id":19392,"href":"https:\/\/www.bibnet.lu\/blog\/index.php?rest_route=\/wp\/v2\/pages\/3742\/revisions\/19392"}],"up":[{"embeddable":true,"href":"https:\/\/www.bibnet.lu\/blog\/index.php?rest_route=\/wp\/v2\/pages\/2219"}],"wp:attachment":[{"href":"https:\/\/www.bibnet.lu\/blog\/index.php?rest_route=%2Fwp%2Fv2%2Fmedia&parent=3742"}],"curies":[{"name":"wp","href":"https:\/\/api.w.org\/{rel}","templated":true}]}}