{"id":18116,"date":"2023-05-08T07:55:29","date_gmt":"2023-05-08T06:55:29","guid":{"rendered":"https:\/\/www.bibnet.lu\/blog\/?page_id=18116"},"modified":"2023-06-27T09:48:58","modified_gmt":"2023-06-27T08:48:58","slug":"touches-alt-dans-de-mde","status":"publish","type":"page","link":"https:\/\/www.bibnet.lu\/blog\/?page_id=18116","title":{"rendered":"Touches ALT dans le MDE"},"content":{"rendered":"\n<div style=\"height:39px\" aria-hidden=\"true\" class=\"wp-block-spacer\"><\/div>\n\n\n\n<p><\/p>\n\n\n\n<p>Afin de pouvoir utiliser les combinaisons de touches ALT lors du catalogage dans l\u2019Editeur de m\u00e9tadonn\u00e9es, il faut d\u00e9sactiver un param\u00e8tre dans le menu utilisateur.<\/p>\n\n\n\n<p>Veuillez consulter le document ci-dessous pour une description d\u00e9taill\u00e9e sur la mani\u00e8re de proc\u00e9der.<\/p>\n\n\n\n<p><\/p>\n\n\n\n<p>How-to : <a href=\"https:\/\/www.bibnet.lu\/blog\/wp-content\/uploads\/2023\/05\/Activation-des-shortcuts_20230508.pdf\" target=\"_blank\" rel=\"noreferrer noopener\">Comment activer les raccourcis dans le MDE ?<\/a> (pdf, v.05.2023)<\/p>\n","protected":false},"excerpt":{"rendered":"<p>Afin de pouvoir utiliser les combinaisons de touches ALT lors du catalogage dans l\u2019Editeur de m\u00e9tadonn\u00e9es, il faut d\u00e9sactiver un param\u00e8tre dans le menu utilisateur. Veuillez consulter le document ci-dessous pour une description d\u00e9taill\u00e9e sur la mani\u00e8re de proc\u00e9der. How-to : Comment activer les raccourcis dans le MDE ? (pdf, v.05.2023)<\/p>\n","protected":false},"author":11,"featured_media":0,"parent":0,"menu_order":0,"comment_status":"closed","ping_status":"closed","template":"","meta":{"footnotes":""},"class_list":["post-18116","page","type-page","status-publish","hentry"],"_links":{"self":[{"href":"https:\/\/www.bibnet.lu\/blog\/index.php?rest_route=\/wp\/v2\/pages\/18116","targetHints":{"allow":["GET"]}}],"collection":[{"href":"https:\/\/www.bibnet.lu\/blog\/index.php?rest_route=\/wp\/v2\/pages"}],"about":[{"href":"https:\/\/www.bibnet.lu\/blog\/index.php?rest_route=\/wp\/v2\/types\/page"}],"author":[{"embeddable":true,"href":"https:\/\/www.bibnet.lu\/blog\/index.php?rest_route=\/wp\/v2\/users\/11"}],"replies":[{"embeddable":true,"href":"https:\/\/www.bibnet.lu\/blog\/index.php?rest_route=%2Fwp%2Fv2%2Fcomments&post=18116"}],"version-history":[{"count":2,"href":"https:\/\/www.bibnet.lu\/blog\/index.php?rest_route=\/wp\/v2\/pages\/18116\/revisions"}],"predecessor-version":[{"id":18275,"href":"https:\/\/www.bibnet.lu\/blog\/index.php?rest_route=\/wp\/v2\/pages\/18116\/revisions\/18275"}],"wp:attachment":[{"href":"https:\/\/www.bibnet.lu\/blog\/index.php?rest_route=%2Fwp%2Fv2%2Fmedia&parent=18116"}],"curies":[{"name":"wp","href":"https:\/\/api.w.org\/{rel}","templated":true}]}}