{"id":1657,"date":"2011-04-18T13:31:09","date_gmt":"2011-04-18T12:31:09","guid":{"rendered":"http:\/\/www.bibnet.lu\/blog\/?page_id=1657"},"modified":"2020-06-15T14:55:26","modified_gmt":"2020-06-15T13:55:26","slug":"letablissement-dune-connexion-vpn","status":"publish","type":"page","link":"https:\/\/www.bibnet.lu\/blog\/?page_id=1657","title":{"rendered":"Installation du client CISCO AnyConnect VPN et connexion au r\u00e9seau de l\u2019Etat"},"content":{"rendered":"\n<p class=\"has-background has-medium-font-size has-very-light-gray-background-color\"><strong>Pr\u00e9requis<\/strong><\/p>\n\n\n\n<div style=\"height:20px\" aria-hidden=\"true\" class=\"wp-block-spacer\"><\/div>\n\n\n\n<ul class=\"wp-block-list\"><li>Vous devrez vous assurer que votre demande VPN a \u00e9t\u00e9 r\u00e9ceptionn\u00e9e et trait\u00e9e au pr\u00e9alable.  <\/li><li>Afin de pouvoir t\u00e9l\u00e9charger le client CISCO AnyConnect, assurez-vous que vous disposez des <strong>droits d\u2019administration requis<\/strong> sur votre poste de travail.<\/li><\/ul>\n\n\n\n<p><em>Nota bene<\/em>&nbsp;: Si vous avez d\u00e9j\u00e0 une version du client CISCO AnyConnect sur votre poste de travail, <a href=\"https:\/\/www.bibnet.lu\/blog\/?page_id=13466\" target=\"_blank\" rel=\"noreferrer noopener\" aria-label=\"il faut d\u2019abord la d\u00e9sinstaller (opens in a new tab)\">il faut d\u2019abord la d\u00e9sinstaller<\/a>. <\/p>\n\n\n\n<div style=\"height:39px\" aria-hidden=\"true\" class=\"wp-block-spacer\"><\/div>\n\n\n\n<p class=\"has-background has-medium-font-size has-very-light-gray-background-color\"><strong>T\u00e9l\u00e9charger le client CISCO AnyConnect<\/strong><\/p>\n\n\n\n<div style=\"height:20px\" aria-hidden=\"true\" class=\"wp-block-spacer\"><\/div>\n\n\n\n<div class=\"wp-block-media-text alignwide has-media-on-the-right is-vertically-aligned-center\" style=\"grid-template-columns:auto 42%\"><figure class=\"wp-block-media-text__media\"><img loading=\"lazy\" decoding=\"async\" width=\"332\" height=\"227\" src=\"https:\/\/www.bibnet.lu\/blog\/wp-content\/uploads\/2020\/06\/A-1.png\" alt=\"\" class=\"wp-image-13706\" srcset=\"https:\/\/www.bibnet.lu\/blog\/wp-content\/uploads\/2020\/06\/A-1.png 332w, https:\/\/www.bibnet.lu\/blog\/wp-content\/uploads\/2020\/06\/A-1-300x205.png 300w\" sizes=\"auto, (max-width: 332px) 100vw, 332px\" \/><\/figure><div class=\"wp-block-media-text__content\">\n<p>Vous\nvenez de recevoir une <strong>invitation au\nt\u00e9l\u00e9chargement du client CISCO AnyConnect<\/strong> via OTX de la part d\u2019un membre de\nl\u2019\u00e9quipe bibnet.lu.<\/p>\n\n\n\n<p>Cliquez\nsur le fichier pour le t\u00e9l\u00e9charger sur votre poste de travail. <\/p>\n\n\n\n<p>Une\ndeuxi\u00e8me case va s\u2019ouvrir pour vous demander de confirmer votre choix. <\/p>\n<\/div><\/div>\n\n\n\n<div style=\"height:20px\" aria-hidden=\"true\" class=\"wp-block-spacer\"><\/div>\n\n\n\n<figure class=\"wp-block-gallery columns-1 is-cropped wp-block-gallery-1 is-layout-flex wp-block-gallery-is-layout-flex\"><ul class=\"blocks-gallery-grid\"><li class=\"blocks-gallery-item\"><figure><img loading=\"lazy\" decoding=\"async\" width=\"1024\" height=\"89\" src=\"https:\/\/www.bibnet.lu\/blog\/wp-content\/uploads\/2020\/06\/A-2-1024x89.png\" alt=\"\" data-id=\"13707\" data-full-url=\"https:\/\/www.bibnet.lu\/blog\/wp-content\/uploads\/2020\/06\/A-2.png\" data-link=\"https:\/\/www.bibnet.lu\/blog\/?attachment_id=13707\" class=\"wp-image-13707\" srcset=\"https:\/\/www.bibnet.lu\/blog\/wp-content\/uploads\/2020\/06\/A-2-1024x89.png 1024w, https:\/\/www.bibnet.lu\/blog\/wp-content\/uploads\/2020\/06\/A-2-300x26.png 300w, https:\/\/www.bibnet.lu\/blog\/wp-content\/uploads\/2020\/06\/A-2.png 1443w\" sizes=\"auto, (max-width: 1024px) 100vw, 1024px\" \/><\/figure><\/li><\/ul><\/figure>\n\n\n\n<div style=\"height:20px\" aria-hidden=\"true\" class=\"wp-block-spacer\"><\/div>\n\n\n\n<p>Cliquez sur<em> Save<\/em> pour commencer le t\u00e9l\u00e9chargement.<\/p>\n\n\n\n<div class=\"wp-block-media-text alignwide is-vertically-aligned-center\" style=\"grid-template-columns:26% auto\"><figure class=\"wp-block-media-text__media\"><img loading=\"lazy\" decoding=\"async\" width=\"146\" height=\"81\" src=\"https:\/\/www.bibnet.lu\/blog\/wp-content\/uploads\/2020\/06\/A-3.png\" alt=\"\" class=\"wp-image-13709\"\/><\/figure><div class=\"wp-block-media-text__content\">\n<p class=\"has-normal-font-size\">Dans le dossier de vos t\u00e9l\u00e9chargements, faites un double-clic sur le fichier <em>anyconnect-win-4.7.03052-core-vpn-predeploy-k9.msi<\/em>&nbsp; pour lancer le logiciel d\u2019installation.<\/p>\n<\/div><\/div>\n\n\n\n<div style=\"height:32px\" aria-hidden=\"true\" class=\"wp-block-spacer\"><\/div>\n\n\n\n<p class=\"has-background has-medium-font-size has-very-light-gray-background-color\"><strong>Installer le client CISCO AnyConnect<\/strong><\/p>\n\n\n\n<div class=\"wp-block-media-text alignwide has-media-on-the-right is-vertically-aligned-center\"><figure class=\"wp-block-media-text__media\"><img loading=\"lazy\" decoding=\"async\" width=\"511\" height=\"407\" src=\"https:\/\/www.bibnet.lu\/blog\/wp-content\/uploads\/2020\/06\/A-4.png\" alt=\"\" class=\"wp-image-13711\" srcset=\"https:\/\/www.bibnet.lu\/blog\/wp-content\/uploads\/2020\/06\/A-4.png 511w, https:\/\/www.bibnet.lu\/blog\/wp-content\/uploads\/2020\/06\/A-4-300x239.png 300w\" sizes=\"auto, (max-width: 511px) 100vw, 511px\" \/><\/figure><div class=\"wp-block-media-text__content\">\n<p>Suivez\nmaintenant les instructions du logiciel pour installer le client sur votre poste\nde travail. <\/p>\n\n\n\n<p>L\u2019\u00e9cran\nsuivant s\u2019affiche lorsque le logiciel d\u2019installation a \u00e9t\u00e9 d\u00e9marr\u00e9 :<\/p>\n\n\n\n<p>Cliquez\nsur le bouton<em> Next<\/em> pour continuer.<\/p>\n<\/div><\/div>\n\n\n\n<div style=\"height:20px\" aria-hidden=\"true\" class=\"wp-block-spacer\"><\/div>\n\n\n\n<div class=\"wp-block-media-text alignwide is-vertically-aligned-center\"><figure class=\"wp-block-media-text__media\"><img loading=\"lazy\" decoding=\"async\" width=\"513\" height=\"402\" src=\"https:\/\/www.bibnet.lu\/blog\/wp-content\/uploads\/2020\/06\/A-5.png\" alt=\"\" class=\"wp-image-13712\" srcset=\"https:\/\/www.bibnet.lu\/blog\/wp-content\/uploads\/2020\/06\/A-5.png 513w, https:\/\/www.bibnet.lu\/blog\/wp-content\/uploads\/2020\/06\/A-5-300x235.png 300w\" sizes=\"auto, (max-width: 513px) 100vw, 513px\" \/><\/figure><div class=\"wp-block-media-text__content\">\n<p>A\ncette \u00e9tape, acceptez les conditions d\u2019utilisation du logiciel en s\u00e9lectionnant<\/p>\n\n\n\n<p><em>I accept the terms [&#8230;]<\/em> et cliquez sur <em>Next\n<\/em>pour continuer.<\/p>\n<\/div><\/div>\n\n\n\n<div style=\"height:22px\" aria-hidden=\"true\" class=\"wp-block-spacer\"><\/div>\n\n\n\n<p>Confirmez\nmaintenant <strong>l\u2019installation<\/strong> en\ncliquant sur <em>Install.<\/em> <\/p>\n\n\n\n<p>Note\n: Vous devrez probablement entrer les informations d\u2019authentification d\u2019un compte\ndisposant des privil\u00e8ges d\u2019administrateur du syst\u00e8me Windows.<\/p>\n\n\n\n<div style=\"height:20px\" aria-hidden=\"true\" class=\"wp-block-spacer\"><\/div>\n\n\n\n<div class=\"wp-block-media-text alignwide has-media-on-the-right is-vertically-aligned-center\"><figure class=\"wp-block-media-text__media\"><img loading=\"lazy\" decoding=\"async\" width=\"514\" height=\"406\" src=\"https:\/\/www.bibnet.lu\/blog\/wp-content\/uploads\/2020\/06\/A-6.png\" alt=\"\" class=\"wp-image-13714\" srcset=\"https:\/\/www.bibnet.lu\/blog\/wp-content\/uploads\/2020\/06\/A-6.png 514w, https:\/\/www.bibnet.lu\/blog\/wp-content\/uploads\/2020\/06\/A-6-300x237.png 300w\" sizes=\"auto, (max-width: 514px) 100vw, 514px\" \/><\/figure><div class=\"wp-block-media-text__content\">\n<p>Apr\u00e8s\nl\u2019installation une fen\u00eatre s\u2019affiche vous disant que l\u2019installation s\u2019est\nachev\u00e9e avec succ\u00e8s.<\/p>\n\n\n\n<p>Cliquez\nsur <em>Finish<\/em> pour fermer le logiciel\nd\u2019installation.<\/p>\n<\/div><\/div>\n\n\n\n<div style=\"height:20px\" aria-hidden=\"true\" class=\"wp-block-spacer\"><\/div>\n\n\n\n<div class=\"wp-block-media-text alignwide is-vertically-aligned-center\"><figure class=\"wp-block-media-text__media\"><img loading=\"lazy\" decoding=\"async\" width=\"488\" height=\"311\" src=\"https:\/\/www.bibnet.lu\/blog\/wp-content\/uploads\/2020\/06\/A-7.png\" alt=\"\" class=\"wp-image-13716\" srcset=\"https:\/\/www.bibnet.lu\/blog\/wp-content\/uploads\/2020\/06\/A-7.png 488w, https:\/\/www.bibnet.lu\/blog\/wp-content\/uploads\/2020\/06\/A-7-300x191.png 300w\" sizes=\"auto, (max-width: 488px) 100vw, 488px\" \/><\/figure><div class=\"wp-block-media-text__content\">\n<p>Apr\u00e8s cette installation, vous pouvez voir appara\u00eetre l\u2019ic\u00f4ne du client en bas \u00e0 droite de l\u2019\u00e9cran :<\/p>\n\n\n\n<p>En\ncliquant sur cette ic\u00f4ne vous pouvez vous connecter au r\u00e9seau de l\u2019Etat.<\/p>\n\n\n\n<p>L\u2019installation\ndu client CISCO AnyConnect VPN est achev\u00e9e.<\/p>\n<\/div><\/div>\n\n\n\n<div style=\"height:41px\" aria-hidden=\"true\" class=\"wp-block-spacer\"><\/div>\n\n\n\n<hr class=\"wp-block-separator\"\/>\n\n\n\n<div style=\"height:26px\" aria-hidden=\"true\" class=\"wp-block-spacer\"><\/div>\n\n\n\n<p class=\"has-background has-medium-font-size has-very-light-gray-background-color\"><strong>Connexion au r\u00e9seau de l\u2019Etat<\/strong><\/p>\n\n\n\n<div style=\"height:20px\" aria-hidden=\"true\" class=\"wp-block-spacer\"><\/div>\n\n\n\n<p><strong>Ins\u00e9rez votre certificat LuxTrust PRIVATE<\/strong> respectivement votre Smartcard dans le lecteur ou le Signing Stick dans un port USB.<\/p>\n\n\n\n<div class=\"wp-block-media-text alignwide has-media-on-the-right is-vertically-aligned-center\" style=\"grid-template-columns:auto 39%\"><figure class=\"wp-block-media-text__media\"><img loading=\"lazy\" decoding=\"async\" width=\"197\" height=\"207\" src=\"https:\/\/www.bibnet.lu\/blog\/wp-content\/uploads\/2020\/06\/A-9.png\" alt=\"\" class=\"wp-image-13719\"\/><\/figure><div class=\"wp-block-media-text__content\">\n<figure class=\"wp-block-image size-large\"><img loading=\"lazy\" decoding=\"async\" width=\"191\" height=\"55\" src=\"https:\/\/www.bibnet.lu\/blog\/wp-content\/uploads\/2020\/06\/A-8.png\" alt=\"\" class=\"wp-image-13718\"\/><\/figure>\n\n\n\n<p>Patientez quelques secondes afin de voir se transformer l&#8217;ic\u00f4ne du lecteur \/ port USB sur votre bureau (desktop) Windows, dans votre pied de page \u00e0 droite, dans la barre des ic\u00f4nes syst\u00e8me, sous <em>show hidden icons<\/em>.<\/p>\n<\/div><\/div>\n\n\n\n<div style=\"height:20px\" aria-hidden=\"true\" class=\"wp-block-spacer\"><\/div>\n\n\n\n<div class=\"wp-block-media-text alignwide has-media-on-the-right is-vertically-aligned-center\"><figure class=\"wp-block-media-text__media\"><img loading=\"lazy\" decoding=\"async\" width=\"488\" height=\"311\" src=\"https:\/\/www.bibnet.lu\/blog\/wp-content\/uploads\/2020\/06\/A-10.png\" alt=\"\" class=\"wp-image-13721\" srcset=\"https:\/\/www.bibnet.lu\/blog\/wp-content\/uploads\/2020\/06\/A-10.png 488w, https:\/\/www.bibnet.lu\/blog\/wp-content\/uploads\/2020\/06\/A-10-300x191.png 300w\" sizes=\"auto, (max-width: 488px) 100vw, 488px\" \/><\/figure><div class=\"wp-block-media-text__content\">\n<p><strong>D\u00e9marrez le client<\/strong> <em>Cisco AnyConnect<\/em><\/p>\n\n\n\n<p><em>Secure Mobility Client<\/em> en cliquant sur l\u2019ic\u00f4ne ci-dessous <\/p>\n\n\n\n<figure class=\"wp-block-image size-large\"><img loading=\"lazy\" decoding=\"async\" width=\"32\" height=\"36\" src=\"https:\/\/www.bibnet.lu\/blog\/wp-content\/uploads\/2020\/06\/CISCO.png\" alt=\"\" class=\"wp-image-13722\"\/><\/figure>\n<\/div><\/div>\n\n\n\n<div style=\"height:20px\" aria-hidden=\"true\" class=\"wp-block-spacer\"><\/div>\n\n\n\n<div class=\"wp-block-media-text alignwide has-media-on-the-right is-vertically-aligned-center\"><figure class=\"wp-block-media-text__media\"><img loading=\"lazy\" decoding=\"async\" width=\"452\" height=\"222\" src=\"https:\/\/www.bibnet.lu\/blog\/wp-content\/uploads\/2020\/06\/A-11.png\" alt=\"\" class=\"wp-image-13724\" srcset=\"https:\/\/www.bibnet.lu\/blog\/wp-content\/uploads\/2020\/06\/A-11.png 452w, https:\/\/www.bibnet.lu\/blog\/wp-content\/uploads\/2020\/06\/A-11-300x147.png 300w\" sizes=\"auto, (max-width: 452px) 100vw, 452px\" \/><\/figure><div class=\"wp-block-media-text__content\">\n<p>Dans la fen\u00eatre qui\ns\u2019ouvre, <strong>v\u00e9rifiez<\/strong> que <strong>l\u2019adresse<\/strong> inscrite est bien <strong><em>vpn.etat.lu<\/em>.<\/strong><\/p>\n\n\n\n<p>Puis, cliquez sur<em> Connect<\/em> pour \u00e9tablir la connexion.<\/p>\n<\/div><\/div>\n\n\n\n<div style=\"height:63px\" aria-hidden=\"true\" class=\"wp-block-spacer\"><\/div>\n\n\n\n<div class=\"wp-block-media-text alignwide is-vertically-aligned-center\"><figure class=\"wp-block-media-text__media\"><img loading=\"lazy\" decoding=\"async\" width=\"535\" height=\"563\" src=\"https:\/\/www.bibnet.lu\/blog\/wp-content\/uploads\/2020\/06\/A-12.png\" alt=\"\" class=\"wp-image-13725\" srcset=\"https:\/\/www.bibnet.lu\/blog\/wp-content\/uploads\/2020\/06\/A-12.png 535w, https:\/\/www.bibnet.lu\/blog\/wp-content\/uploads\/2020\/06\/A-12-285x300.png 285w\" sizes=\"auto, (max-width: 535px) 100vw, 535px\" \/><\/figure><div class=\"wp-block-media-text__content\">\n<p>Une fen\u00eatre <strong><em>Certificate Selection<\/em><\/strong> s\u2019affiche.<\/p>\n\n\n\n<p>V\u00e9rifiez que votre certificat LuxTrust PRIVATE est bien s\u00e9lectionn\u00e9. <\/p>\n\n\n\n<p>Dans le cas contraire, cliquez sur <em>More\nchoices<\/em> pour afficher une liste et choisir votre certificat LuxTrust\nPRIVATE.<\/p>\n\n\n\n<p>Cliquez ensuite sur <em>OK<\/em>.<\/p>\n<\/div><\/div>\n\n\n\n<div style=\"height:52px\" aria-hidden=\"true\" class=\"wp-block-spacer\"><\/div>\n\n\n\n<div class=\"wp-block-media-text alignwide is-vertically-aligned-center\"><figure class=\"wp-block-media-text__media\"><img loading=\"lazy\" decoding=\"async\" width=\"472\" height=\"286\" src=\"https:\/\/www.bibnet.lu\/blog\/wp-content\/uploads\/2020\/06\/A-13.png\" alt=\"\" class=\"wp-image-13727\" srcset=\"https:\/\/www.bibnet.lu\/blog\/wp-content\/uploads\/2020\/06\/A-13.png 472w, https:\/\/www.bibnet.lu\/blog\/wp-content\/uploads\/2020\/06\/A-13-300x182.png 300w\" sizes=\"auto, (max-width: 472px) 100vw, 472px\" \/><\/figure><div class=\"wp-block-media-text__content\">\n<p>Dans la fen\u00eatre qui s\u2019ouvre, <\/p>\n\n\n\n<ul class=\"wp-block-list\"><li><strong>introduisez le code PIN<\/strong> de votre Smartcard ou Signing\nStick,<\/li><li>puis cliquez sur <em>OK.<\/em><\/li><\/ul>\n<\/div><\/div>\n\n\n\n<div style=\"height:59px\" aria-hidden=\"true\" class=\"wp-block-spacer\"><\/div>\n\n\n\n<p>Prenez connaissance du message d\u2019avertissement et cliquez sur <em>Accept<\/em>.<\/p>\n\n\n\n<div class=\"wp-block-media-text alignwide is-vertically-aligned-center\"><figure class=\"wp-block-media-text__media\"><img loading=\"lazy\" decoding=\"async\" width=\"453\" height=\"219\" src=\"https:\/\/www.bibnet.lu\/blog\/wp-content\/uploads\/2020\/06\/A-14.png\" alt=\"\" class=\"wp-image-13729\" srcset=\"https:\/\/www.bibnet.lu\/blog\/wp-content\/uploads\/2020\/06\/A-14.png 453w, https:\/\/www.bibnet.lu\/blog\/wp-content\/uploads\/2020\/06\/A-14-300x145.png 300w\" sizes=\"auto, (max-width: 453px) 100vw, 453px\" \/><\/figure><div class=\"wp-block-media-text__content\">\n<p>La fen\u00eatre <em>Cisco AnyConnect Secure\nMobility Client<\/em> affiche le d\u00e9roulement de la connexion.<\/p>\n\n\n\n<p>Lorsque la connexion est \u00e9tablie, la fen\u00eatre dispara\u00eet.<\/p>\n<\/div><\/div>\n\n\n\n<div style=\"height:46px\" aria-hidden=\"true\" class=\"wp-block-spacer\"><\/div>\n\n\n\n<p>Pour v\u00e9rifier que la connexion VPN est toujours bien \u00e9tablie, il suffit de\nregarder l\u2019ic\u00f4ne dans la barre des\nic\u00f4nes syst\u00e8me, sous <em>show hidden icons<\/em>.<\/p>\n\n\n\n<div class=\"wp-block-group\"><div class=\"wp-block-group__inner-container is-layout-flow wp-block-group-is-layout-flow\">\n<div class=\"wp-block-media-text alignwide\" style=\"grid-template-columns:15% auto\"><figure class=\"wp-block-media-text__media\"><img loading=\"lazy\" decoding=\"async\" width=\"32\" height=\"42\" src=\"https:\/\/www.bibnet.lu\/blog\/wp-content\/uploads\/2020\/06\/cisco2-4.png\" alt=\"\" class=\"wp-image-13740\"\/><\/figure><div class=\"wp-block-media-text__content\">\n<p class=\"has-normal-font-size\">  Si elle affiche un cadenas ferm\u00e9, la connexion est active.   <\/p>\n<\/div><\/div>\n\n\n\n<p><\/p>\n<\/div><\/div>\n\n\n\n<div class=\"wp-block-group\"><div class=\"wp-block-group__inner-container is-layout-flow wp-block-group-is-layout-flow\">\n<p><!--EndFragment--><\/p>\n<\/div><\/div>\n","protected":false},"excerpt":{"rendered":"<p>Pr\u00e9requis Vous devrez vous assurer que votre demande VPN a \u00e9t\u00e9 r\u00e9ceptionn\u00e9e et trait\u00e9e au pr\u00e9alable. Afin de pouvoir t\u00e9l\u00e9charger le client CISCO AnyConnect, assurez-vous que vous disposez des droits d\u2019administration requis sur votre poste de travail. Nota bene&nbsp;: Si vous avez d\u00e9j\u00e0 une version du client CISCO AnyConnect sur votre poste de travail, il [&hellip;]<\/p>\n","protected":false},"author":3,"featured_media":0,"parent":2478,"menu_order":109,"comment_status":"closed","ping_status":"closed","template":"","meta":{"footnotes":""},"class_list":["post-1657","page","type-page","status-publish","hentry"],"_links":{"self":[{"href":"https:\/\/www.bibnet.lu\/blog\/index.php?rest_route=\/wp\/v2\/pages\/1657","targetHints":{"allow":["GET"]}}],"collection":[{"href":"https:\/\/www.bibnet.lu\/blog\/index.php?rest_route=\/wp\/v2\/pages"}],"about":[{"href":"https:\/\/www.bibnet.lu\/blog\/index.php?rest_route=\/wp\/v2\/types\/page"}],"author":[{"embeddable":true,"href":"https:\/\/www.bibnet.lu\/blog\/index.php?rest_route=\/wp\/v2\/users\/3"}],"replies":[{"embeddable":true,"href":"https:\/\/www.bibnet.lu\/blog\/index.php?rest_route=%2Fwp%2Fv2%2Fcomments&post=1657"}],"version-history":[{"count":58,"href":"https:\/\/www.bibnet.lu\/blog\/index.php?rest_route=\/wp\/v2\/pages\/1657\/revisions"}],"predecessor-version":[{"id":13777,"href":"https:\/\/www.bibnet.lu\/blog\/index.php?rest_route=\/wp\/v2\/pages\/1657\/revisions\/13777"}],"up":[{"embeddable":true,"href":"https:\/\/www.bibnet.lu\/blog\/index.php?rest_route=\/wp\/v2\/pages\/2478"}],"wp:attachment":[{"href":"https:\/\/www.bibnet.lu\/blog\/index.php?rest_route=%2Fwp%2Fv2%2Fmedia&parent=1657"}],"curies":[{"name":"wp","href":"https:\/\/api.w.org\/{rel}","templated":true}]}}