{"id":14377,"date":"2020-12-11T09:19:24","date_gmt":"2020-12-11T08:19:24","guid":{"rendered":"https:\/\/www.bibnet.lu\/blog\/?page_id=14377"},"modified":"2022-05-23T13:06:43","modified_gmt":"2022-05-23T12:06:43","slug":"plan-de-formation-2021","status":"publish","type":"page","link":"https:\/\/www.bibnet.lu\/blog\/?page_id=14377","title":{"rendered":"Plan de formation 2021"},"content":{"rendered":"\n<div class=\"wp-block-group\"><div class=\"wp-block-group__inner-container is-layout-flow wp-block-group-is-layout-flow\">\n<p class=\"has-very-light-gray-background-color has-background\">La participation aux formations est r\u00e9serv\u00e9e a<strong>u personnel des biblioth\u00e8ques membres du r\u00e9seau bibnet.lu<\/strong>. Merci de vous inscrire en envoyant un email \u00e0 <a href=\"mailto:bibnet@bnl.etat.lu\">bibnet@bnl.etat.lu<\/a><\/p>\n<\/div><\/div>\n\n\n\n<div style=\"height:20px\" aria-hidden=\"true\" class=\"wp-block-spacer\"><\/div>\n\n\n\n<p class=\"has-very-light-gray-color has-text-color has-background\" style=\"background-color:#2f4f4f\"><strong>Actuellement nous nous trouvons dans la phase de transition vers un nouveau syst\u00e8me de gestion de biblioth\u00e8ques. C\u2019est pourquoi la quasi-totalit\u00e9 des formations 2021 auront lieu en ligne et \u00e0 distance via Zoom ou via la plateforme Moodle. Ces formations en ligne continuent \u00e0 \u00eatre organis\u00e9es en partenariat avec l\u2019INAP.<\/strong><\/p>\n\n\n\n<div style=\"height:20px\" aria-hidden=\"true\" class=\"wp-block-spacer\"><\/div>\n\n\n\n\n<table id=\"tablepress-8\" class=\"tablepress tablepress-id-8\">\n<thead>\n<tr class=\"row-1\">\n\t<th class=\"column-1\">Dates<\/th><th class=\"column-2\">Horaire <\/th><th class=\"column-3\">Formation<\/th><th class=\"column-4\">Lieu <\/th>\n<\/tr>\n<\/thead>\n<tbody class=\"row-hover\">\n<tr class=\"row-2\">\n\t<td class=\"column-1\">15 mars <br \/>\n<span style=\"color: #ba1642;\"><small><em> complet<\/small><\/em><\/td><td class=\"column-2\">09:00-12:00<br \/>\n13:00-16:00<\/td><td class=\"column-3\"><a href=\"https:\/\/www.bibnet.lu\/blog\/?page_id=5386\" rel=\"noopener\" target=\"_blank\">Initiation \u00e0 la circulation et aux statistiques<\/a><\/td><td class=\"column-4\">BnL<br \/>\nsalle de formation<\/td>\n<\/tr>\n<tr class=\"row-3\">\n\t<td class=\"column-1\">26 avril<br \/>\n<span style=\"color: #ba1642;\"><small><em>en langue luxembourgeoise<\/small><\/em><\/td><td class=\"column-2\">09:00-10:15 <\/td><td class=\"column-3\"><a href=\"https:\/\/www.bibnet.lu\/blog\/?page_id=15282\" rel=\"noopener\" target=\"_blank\">Pr\u00e9sentation RDA Monographies<\/a><\/td><td class=\"column-4\">Zoom<\/td>\n<\/tr>\n<tr class=\"row-4\">\n\t<td class=\"column-1\">26 avril<br \/>\n<span style=\"color: #ba1642;\"><small><em>en langue luxembourgeoise<\/small><\/em><\/td><td class=\"column-2\">10:45-12:00<\/td><td class=\"column-3\"><a href=\"https:\/\/www.bibnet.lu\/blog\/?page_id=15282\" rel=\"noopener\" target=\"_blank\">Pr\u00e9sentation RDA Monographies<\/a><\/td><td class=\"column-4\">Zoom<\/td>\n<\/tr>\n<tr class=\"row-5\">\n\t<td class=\"column-1\">27 avril<br \/>\n<span style=\"color: #ba1642;\"><small><em>en langue luxembourgeoise<\/small><\/em><\/td><td class=\"column-2\">09:00-10:15 <\/td><td class=\"column-3\"><a href=\"https:\/\/www.bibnet.lu\/blog\/?page_id=15282\" rel=\"noopener\" target=\"_blank\">Pr\u00e9sentation RDA Monographies<\/a><\/td><td class=\"column-4\">Zoom<\/td>\n<\/tr>\n<tr class=\"row-6\">\n\t<td class=\"column-1\">27 avril<br \/>\n<span style=\"color: #ba1642;\"><small><em>en langue fran\u00e7aise<\/small><\/em><\/td><td class=\"column-2\">10:30-11:45 <\/td><td class=\"column-3\"><a href=\"https:\/\/www.bibnet.lu\/blog\/?page_id=15282\" rel=\"noopener\" target=\"_blank\">Pr\u00e9sentation RDA Monographies<\/a><br \/>\n<\/td><td class=\"column-4\">Zoom<\/td>\n<\/tr>\n<tr class=\"row-7\">\n\t<td class=\"column-1\">7 mai<\/td><td class=\"column-2\">09:00-10:30<\/td><td class=\"column-3\"><a href=\"https:\/\/www.bibnet.lu\/blog\/?page_id=15282\" rel=\"noopener\" target=\"_blank\">Session Q&amp;A RDA Monographies<\/a><\/td><td class=\"column-4\">Zoom<\/td>\n<\/tr>\n<tr class=\"row-8\">\n\t<td class=\"column-1\">10 mai<\/td><td class=\"column-2\">09:00-10:30<\/td><td class=\"column-3\"><a href=\"https:\/\/www.bibnet.lu\/blog\/?page_id=15282\" rel=\"noopener\" target=\"_blank\">Pr\u00e9sentation RDA P\u00e9riodiques<\/a><\/td><td class=\"column-4\">Zoom<\/td>\n<\/tr>\n<tr class=\"row-9\">\n\t<td class=\"column-1\">17 mai<\/td><td class=\"column-2\">09:00-10:30<\/td><td class=\"column-3\"><a href=\"https:\/\/www.bibnet.lu\/blog\/?page_id=15282\" rel=\"noopener\" target=\"_blank\">Session Q&amp;A RDA P\u00e9riodiques<\/a><\/td><td class=\"column-4\">Zoom<\/td>\n<\/tr>\n<tr class=\"row-10\">\n\t<td class=\"column-1\">27 mai<\/td><td class=\"column-2\">09:00-10:30<\/td><td class=\"column-3\"><a href=\"https:\/\/www.bibnet.lu\/blog\/?page_id=15282\" rel=\"noopener\" target=\"_blank\">Pr\u00e9sentation RDA Audio - CDs musicaux<\/a><\/td><td class=\"column-4\">Zoom<\/td>\n<\/tr>\n<tr class=\"row-11\">\n\t<td class=\"column-1\">4 juin<\/td><td class=\"column-2\">14:00-16:00<\/td><td class=\"column-3\"><a href=\"https:\/\/www.bibnet.lu\/blog\/?page_id=15282\" rel=\"noopener\" target=\"_blank\">Pr\u00e9sentation RDA AV (Documents audiovisuels, livres audio et cours de langues)<\/a><\/td><td class=\"column-4\">Zoom<\/td>\n<\/tr>\n<tr class=\"row-12\">\n\t<td class=\"column-1\">9 juin<\/td><td class=\"column-2\">09:00-10:30<\/td><td class=\"column-3\"><a href=\"https:\/\/www.bibnet.lu\/blog\/?page_id=15282\" rel=\"noopener\" target=\"_blank\">Session Q&amp;A RDA Audio - CDs musicaux<\/a><\/td><td class=\"column-4\">Zoom<\/td>\n<\/tr>\n<tr class=\"row-13\">\n\t<td class=\"column-1\">18 juin<\/td><td class=\"column-2\">14:00-16:00<\/td><td class=\"column-3\"><a href=\"https:\/\/www.bibnet.lu\/blog\/?page_id=15282\" rel=\"noopener\" target=\"_blank\">Session Q&amp;A AV (Documents audiovisuels, livres audio et cours de langues)<\/a><\/td><td class=\"column-4\">Zoom<\/td>\n<\/tr>\n<tr class=\"row-14\">\n\t<td class=\"column-1\">22 juin<\/td><td class=\"column-2\">09:00-10:30<\/td><td class=\"column-3\"><a href=\"https:\/\/www.bibnet.lu\/blog\/?page_id=15282\" rel=\"noopener\" target=\"_blank\">Pr\u00e9sentation RDA - Partitions<\/a><\/td><td class=\"column-4\">Zoom<\/td>\n<\/tr>\n<tr class=\"row-15\">\n\t<td class=\"column-1\"><small>6 septembre - 15 octobre<\/small><\/em><\/td><td class=\"column-2\"><\/td><td class=\"column-3\"><a href=\"https:\/\/www.bibnet.lu\/blog\/?page_id=15747\" rel=\"noopener\" target=\"_blank\">Initiation au catalogage selon RDA, partie 1<\/a><\/td><td class=\"column-4\">E-learning<\/td>\n<\/tr>\n<tr class=\"row-16\">\n\t<td class=\"column-1\"><small>15 septembre - 6 octobre<\/small><\/em><\/td><td class=\"column-2\"><\/td><td class=\"column-3\"><a href=\"https:\/\/www.bibnet.lu\/blog\/?page_id=5386\" rel=\"noopener\" target=\"_blank\">Initiation \u00e0 la circulation et aux statistiques<\/a><\/td><td class=\"column-4\">E-learning<\/td>\n<\/tr>\n<tr class=\"row-17\">\n\t<td class=\"column-1\"><small>11 octobre - 2 novembre<\/small><\/em><\/td><td class=\"column-2\"><\/td><td class=\"column-3\"><a href=\"https:\/\/www.bibnet.lu\/blog\/?page_id=15751\" rel=\"noopener\" target=\"_blank\">Initiation au catalogage selon RDA, partie 2 <\/a><\/td><td class=\"column-4\">E-learning<\/td>\n<\/tr>\n<tr class=\"row-18\">\n\t<td class=\"column-1\"><small>25 octobre - 29 novembre<\/small><\/em><\/td><td class=\"column-2\"><\/td><td class=\"column-3\"><a href=\"https:\/\/www.bibnet.lu\/blog\/?page_id=15758(opens in a new tab)\" rel=\"noopener\" target=\"_blank\">Initiation au catalogage selon RDA, partie 3<\/a><\/td><td class=\"column-4\">E-learning<\/td>\n<\/tr>\n<tr class=\"row-19\">\n\t<td class=\"column-1\"><small>2 novembre - 30 novembre<\/small><\/em><\/td><td class=\"column-2\"><\/td><td class=\"column-3\"><a href=\"https:\/\/www.bibnet.lu\/blog\/?page_id=5390\" rel=\"noopener\" target=\"_blank\">Initiation au catalogage de p\u00e9riodiques selon RDA<\/a><\/td><td class=\"column-4\">E-learning<\/td>\n<\/tr>\n<tr class=\"row-20\">\n\t<td class=\"column-1\"><small>29 novembre - 17 d\u00e9cembre <\/small><\/em><\/td><td class=\"column-2\"><\/td><td class=\"column-3\"><a href=\"https:\/\/www.bibnet.lu\/blog\/?page_id=9121\" rel=\"noopener\" target=\"_blank\">Catalogage de notices analytiques<\/a><\/td><td class=\"column-4\">E-learning<\/td>\n<\/tr>\n<\/tbody>\n<\/table>\n<!-- #tablepress-8 from cache -->\n","protected":false},"excerpt":{"rendered":"<p>La participation aux formations est r\u00e9serv\u00e9e au personnel des biblioth\u00e8ques membres du r\u00e9seau bibnet.lu. Merci de vous inscrire en envoyant un email \u00e0 bibnet@bnl.etat.lu Actuellement nous nous trouvons dans la phase de transition vers un nouveau syst\u00e8me de gestion de biblioth\u00e8ques. C\u2019est pourquoi la quasi-totalit\u00e9 des formations 2021 auront lieu en ligne et \u00e0 distance [&hellip;]<\/p>\n","protected":false},"author":11,"featured_media":0,"parent":0,"menu_order":0,"comment_status":"closed","ping_status":"closed","template":"","meta":{"footnotes":""},"class_list":["post-14377","page","type-page","status-publish","hentry"],"_links":{"self":[{"href":"https:\/\/www.bibnet.lu\/blog\/index.php?rest_route=\/wp\/v2\/pages\/14377","targetHints":{"allow":["GET"]}}],"collection":[{"href":"https:\/\/www.bibnet.lu\/blog\/index.php?rest_route=\/wp\/v2\/pages"}],"about":[{"href":"https:\/\/www.bibnet.lu\/blog\/index.php?rest_route=\/wp\/v2\/types\/page"}],"author":[{"embeddable":true,"href":"https:\/\/www.bibnet.lu\/blog\/index.php?rest_route=\/wp\/v2\/users\/11"}],"replies":[{"embeddable":true,"href":"https:\/\/www.bibnet.lu\/blog\/index.php?rest_route=%2Fwp%2Fv2%2Fcomments&post=14377"}],"version-history":[{"count":11,"href":"https:\/\/www.bibnet.lu\/blog\/index.php?rest_route=\/wp\/v2\/pages\/14377\/revisions"}],"predecessor-version":[{"id":15765,"href":"https:\/\/www.bibnet.lu\/blog\/index.php?rest_route=\/wp\/v2\/pages\/14377\/revisions\/15765"}],"wp:attachment":[{"href":"https:\/\/www.bibnet.lu\/blog\/index.php?rest_route=%2Fwp%2Fv2%2Fmedia&parent=14377"}],"curies":[{"name":"wp","href":"https:\/\/api.w.org\/{rel}","templated":true}]}}