{"id":13466,"date":"2020-06-11T11:30:53","date_gmt":"2020-06-11T10:30:53","guid":{"rendered":"https:\/\/www.bibnet.lu\/blog\/?page_id=13466"},"modified":"2020-06-12T14:54:31","modified_gmt":"2020-06-12T13:54:31","slug":"installer-une-version-actualisee-du-client-cisco-anyconnect","status":"publish","type":"page","link":"https:\/\/www.bibnet.lu\/blog\/?page_id=13466","title":{"rendered":"D\u00e9sinstaller le client CISCO AnyConnect"},"content":{"rendered":"\n<p>Avant de pouvoir\ninstaller une version actualis\u00e9e du client CISCO AnyConnect, il est important\nde <strong>d\u00e9sinstaller d\u2019abord la version<\/strong>\ndudit programme sur votre poste de travail.<\/p>\n\n\n\n<p>Pour ce faire, il faut : <\/p>\n\n\n\n<ol class=\"wp-block-list\"><li>Cliquer sur\nle bouton <strong>D\u00e9marrer<\/strong><\/li><li>S\u00e9lectionner <strong>Param\u00e8tres<\/strong><\/li><li>S\u2019ouvre une\nnouvelle fen\u00eatre intitul\u00e9e <em>Param\u00e8tres<\/em>\nsur laquelle il faut cliquer sur <strong>Applications.<\/strong><\/li><li>S\u2019ouvre alors\nune liste des programmes install\u00e9s sur votre ordinateur dans la rubrique <strong>Applications et fonctionnalit\u00e9s<\/strong>. Cliquez\nsur le 1<sup>er<\/sup> programme intitul\u00e9 CISCO, <\/li><li>et puis sur\nle bouton <strong>D\u00e9sinstaller <\/strong>et suivez les\ninstructions.<\/li><li>D\u00e9sinstallez\naussi les autres programmes intitul\u00e9s de CISCO [\u2026] <\/li><\/ol>\n\n\n\n<div style=\"height:42px\" aria-hidden=\"true\" class=\"wp-block-spacer\"><\/div>\n\n\n\n<div class=\"wp-block-image\"><figure class=\"aligncenter size-large is-resized\"><img loading=\"lazy\" decoding=\"async\" src=\"https:\/\/www.bibnet.lu\/blog\/wp-content\/uploads\/2020\/06\/install1-1024x448.png\" alt=\"\" class=\"wp-image-13467\" width=\"591\" height=\"258\" srcset=\"https:\/\/www.bibnet.lu\/blog\/wp-content\/uploads\/2020\/06\/install1-1024x448.png 1024w, https:\/\/www.bibnet.lu\/blog\/wp-content\/uploads\/2020\/06\/install1-300x131.png 300w, https:\/\/www.bibnet.lu\/blog\/wp-content\/uploads\/2020\/06\/install1.png 1183w\" sizes=\"auto, (max-width: 591px) 100vw, 591px\" \/><\/figure><\/div>\n\n\n\n<div style=\"height:38px\" aria-hidden=\"true\" class=\"wp-block-spacer\"><\/div>\n\n\n\n<div class=\"wp-block-image\"><figure class=\"aligncenter size-large is-resized\"><img loading=\"lazy\" decoding=\"async\" src=\"https:\/\/www.bibnet.lu\/blog\/wp-content\/uploads\/2020\/06\/install2-1024x374.png\" alt=\"\" class=\"wp-image-13468\" width=\"589\" height=\"214\" srcset=\"https:\/\/www.bibnet.lu\/blog\/wp-content\/uploads\/2020\/06\/install2-1024x374.png 1024w, https:\/\/www.bibnet.lu\/blog\/wp-content\/uploads\/2020\/06\/install2-300x110.png 300w, https:\/\/www.bibnet.lu\/blog\/wp-content\/uploads\/2020\/06\/install2.png 1145w\" sizes=\"auto, (max-width: 589px) 100vw, 589px\" \/><\/figure><\/div>\n\n\n\n<div style=\"height:47px\" aria-hidden=\"true\" class=\"wp-block-spacer\"><\/div>\n\n\n\n<p><a rel=\"noreferrer noopener\" aria-label=\" Maintenant vous pouvez installer une version actualis\u00e9e du client CISCO AnyConnect. (opens in a new tab)\" href=\"https:\/\/www.bibnet.lu\/blog\/?page_id=1657\" target=\"_blank\">Maintenant vous pouvez installer une version actualis\u00e9e du client CISCO AnyConnect.<\/a><\/p>\n","protected":false},"excerpt":{"rendered":"<p>Avant de pouvoir installer une version actualis\u00e9e du client CISCO AnyConnect, il est important de d\u00e9sinstaller d\u2019abord la version dudit programme sur votre poste de travail. Pour ce faire, il faut : Cliquer sur le bouton D\u00e9marrer S\u00e9lectionner Param\u00e8tres S\u2019ouvre une nouvelle fen\u00eatre intitul\u00e9e Param\u00e8tres sur laquelle il faut cliquer sur Applications. S\u2019ouvre alors une [&hellip;]<\/p>\n","protected":false},"author":11,"featured_media":0,"parent":0,"menu_order":0,"comment_status":"closed","ping_status":"closed","template":"","meta":{"footnotes":""},"class_list":["post-13466","page","type-page","status-publish","hentry"],"_links":{"self":[{"href":"https:\/\/www.bibnet.lu\/blog\/index.php?rest_route=\/wp\/v2\/pages\/13466","targetHints":{"allow":["GET"]}}],"collection":[{"href":"https:\/\/www.bibnet.lu\/blog\/index.php?rest_route=\/wp\/v2\/pages"}],"about":[{"href":"https:\/\/www.bibnet.lu\/blog\/index.php?rest_route=\/wp\/v2\/types\/page"}],"author":[{"embeddable":true,"href":"https:\/\/www.bibnet.lu\/blog\/index.php?rest_route=\/wp\/v2\/users\/11"}],"replies":[{"embeddable":true,"href":"https:\/\/www.bibnet.lu\/blog\/index.php?rest_route=%2Fwp%2Fv2%2Fcomments&post=13466"}],"version-history":[{"count":7,"href":"https:\/\/www.bibnet.lu\/blog\/index.php?rest_route=\/wp\/v2\/pages\/13466\/revisions"}],"predecessor-version":[{"id":13700,"href":"https:\/\/www.bibnet.lu\/blog\/index.php?rest_route=\/wp\/v2\/pages\/13466\/revisions\/13700"}],"wp:attachment":[{"href":"https:\/\/www.bibnet.lu\/blog\/index.php?rest_route=%2Fwp%2Fv2%2Fmedia&parent=13466"}],"curies":[{"name":"wp","href":"https:\/\/api.w.org\/{rel}","templated":true}]}}