{"id":10969,"date":"2018-07-20T08:40:04","date_gmt":"2018-07-20T07:40:04","guid":{"rendered":"http:\/\/www.bibnet.lu\/blog\/?page_id=10969"},"modified":"2025-06-10T10:05:56","modified_gmt":"2025-06-10T09:05:56","slug":"modele-traitement-donnees","status":"publish","type":"page","link":"https:\/\/www.bibnet.lu\/blog\/?page_id=10969","title":{"rendered":"Traitement des donn\u00e9es des lecteurs : mod\u00e8le accus\u00e9 de r\u00e9ception"},"content":{"rendered":"","protected":true},"excerpt":{"rendered":"","protected":true},"author":11,"featured_media":0,"parent":0,"menu_order":0,"comment_status":"closed","ping_status":"closed","template":"","meta":{"footnotes":""},"class_list":["post-10969","page","type-page","status-publish","post-password-required","hentry"],"_links":{"self":[{"href":"https:\/\/www.bibnet.lu\/blog\/index.php?rest_route=\/wp\/v2\/pages\/10969","targetHints":{"allow":["GET"]}}],"collection":[{"href":"https:\/\/www.bibnet.lu\/blog\/index.php?rest_route=\/wp\/v2\/pages"}],"about":[{"href":"https:\/\/www.bibnet.lu\/blog\/index.php?rest_route=\/wp\/v2\/types\/page"}],"author":[{"embeddable":true,"href":"https:\/\/www.bibnet.lu\/blog\/index.php?rest_route=\/wp\/v2\/users\/11"}],"replies":[{"embeddable":true,"href":"https:\/\/www.bibnet.lu\/blog\/index.php?rest_route=%2Fwp%2Fv2%2Fcomments&post=10969"}],"version-history":[{"count":13,"href":"https:\/\/www.bibnet.lu\/blog\/index.php?rest_route=\/wp\/v2\/pages\/10969\/revisions"}],"predecessor-version":[{"id":20027,"href":"https:\/\/www.bibnet.lu\/blog\/index.php?rest_route=\/wp\/v2\/pages\/10969\/revisions\/20027"}],"wp:attachment":[{"href":"https:\/\/www.bibnet.lu\/blog\/index.php?rest_route=%2Fwp%2Fv2%2Fmedia&parent=10969"}],"curies":[{"name":"wp","href":"https:\/\/api.w.org\/{rel}","templated":true}]}}